{"id":6449,"date":"2025-07-28T11:11:47","date_gmt":"2025-07-28T11:11:47","guid":{"rendered":"https:\/\/www.demasaltin.com\/?page_id=6449"},"modified":"2025-07-28T11:12:55","modified_gmt":"2025-07-28T11:12:55","slug":"gram-altin-gram-gumus-sarrafiye","status":"publish","type":"page","link":"https:\/\/www.demasaltin.com\/tr\/gram-altin-gram-gumus-sarrafiye\/","title":{"rendered":"Gram Alt\u0131n-Gram G\u00fcm\u00fc\u015f-Sarrafiye"},"content":{"rendered":"\t\t<div data-elementor-type=\"wp-page\" data-elementor-id=\"6449\" class=\"elementor elementor-6449\" data-elementor-post-type=\"page\">\n\t\t\t\t<div class=\"elementor-element elementor-element-d82f014 e-flex e-con-boxed e-con e-parent\" data-id=\"d82f014\" data-element_type=\"container\" data-settings=\"{&quot;background_background&quot;:&quot;classic&quot;,&quot;content_width&quot;:&quot;boxed&quot;}\" data-core-v316-plus=\"true\">\n\t\t\t\t\t<div class=\"e-con-inner\">\n\t\t\t\t<div class=\"elementor-element elementor-element-7761908 animated-slow elementor-invisible elementor-widget elementor-widget-heading\" data-id=\"7761908\" data-element_type=\"widget\" data-settings=\"{&quot;_animation&quot;:&quot;fadeInLeft&quot;}\" data-widget_type=\"heading.default\">\n\t\t\t\t<div class=\"elementor-widget-container\">\n\t\t\t<style>\/*! elementor - v3.19.0 - 07-02-2024 *\/\n.elementor-heading-title{padding:0;margin:0;line-height:1}.elementor-widget-heading .elementor-heading-title[class*=elementor-size-]>a{color:inherit;font-size:inherit;line-height:inherit}.elementor-widget-heading .elementor-heading-title.elementor-size-small{font-size:15px}.elementor-widget-heading .elementor-heading-title.elementor-size-medium{font-size:19px}.elementor-widget-heading .elementor-heading-title.elementor-size-large{font-size:29px}.elementor-widget-heading .elementor-heading-title.elementor-size-xl{font-size:39px}.elementor-widget-heading .elementor-heading-title.elementor-size-xxl{font-size:59px}<\/style><h2 class=\"elementor-heading-title elementor-size-large\">\u00dcr\u00fcnler<\/h2>\t\t<\/div>\n\t\t\t\t<\/div>\n\t\t\t\t\t<\/div>\n\t\t\t\t<\/div>\n\t\t<div class=\"elementor-element elementor-element-4b6f49b e-con-full e-flex e-con e-parent\" data-id=\"4b6f49b\" data-element_type=\"container\" data-settings=\"{&quot;content_width&quot;:&quot;full&quot;}\" data-core-v316-plus=\"true\">\n\t\t<div class=\"elementor-element elementor-element-ec67933 e-con-full e-flex e-con e-child\" data-id=\"ec67933\" data-element_type=\"container\" data-settings=\"{&quot;content_width&quot;:&quot;full&quot;}\">\n\t\t\t\t<div class=\"elementor-element elementor-element-b3f7f22 elementor-widget__width-initial elementor-hidden-tablet elementor-widget elementor-widget-elementskit-simple-tab\" data-id=\"b3f7f22\" data-element_type=\"widget\" data-settings=\"{&quot;ekit_hash_change&quot;:&quot;1&quot;}\" data-widget_type=\"elementskit-simple-tab.default\">\n\t\t\t\t<div class=\"elementor-widget-container\">\n\t\t\t<div class=\"ekit-wid-con\" >        <div class=\"elementkit-tab-wraper vertical  elementskit-fitcontent-tab \">\n            <ul class=\"nav nav-tabs elementkit-tab-nav  elementskit_tab_border_bottm elementskit_tab_border_bottm tab-nav-fluid\">\n                                    <li class=\"elementkit-nav-item elementor-repeater-item-44e2575\">\n                        <a class=\"elementkit-nav-link  right-pos\" id=\"content-44e257569e36baf73501-tab\" data-ekit-handler-id=\"standart-barlar\" data-ekit-toggle=\"tab\" data-target=\"#content-44e257569e36baf73501\" href=\"#Content-44e257569e36baf73501\"\n                            data-ekit-toggle-trigger=\"click\"\n                            aria-describedby=\"Content-44e257569e36baf73501\">\n                            <span class=\" elementskit-tab-icon\"><\/span>                            <span class=\"elementskit-tab-title\"> Standart Barlar<\/span>\n                        <\/a>\n                    <\/li>\n                                        <li class=\"elementkit-nav-item elementor-repeater-item-d89a36e\">\n                        <a class=\"elementkit-nav-link  right-pos\" id=\"content-d89a36e69e36baf73501-tab\" data-ekit-handler-id=\"k-ymetli-maden-i-eren-hurda-metaller\" data-ekit-toggle=\"tab\" data-target=\"#content-d89a36e69e36baf73501\" href=\"#Content-d89a36e69e36baf73501\"\n                            data-ekit-toggle-trigger=\"click\"\n                            aria-describedby=\"Content-d89a36e69e36baf73501\">\n                            <span class=\" elementskit-tab-icon\"><\/span>                            <span class=\"elementskit-tab-title\"> K\u0131ymetli Maden i\u00e7eren Hurda Metaller<\/span>\n                        <\/a>\n                    <\/li>\n                                        <li class=\"elementkit-nav-item elementor-repeater-item-05c78c8\">\n                        <a class=\"elementkit-nav-link  right-pos\" id=\"content-05c78c869e36baf73501-tab\" data-ekit-handler-id=\"yat-r-ml-k-barlar\" data-ekit-toggle=\"tab\" data-target=\"#content-05c78c869e36baf73501\" href=\"#Content-05c78c869e36baf73501\"\n                            data-ekit-toggle-trigger=\"click\"\n                            aria-describedby=\"Content-05c78c869e36baf73501\">\n                            <span class=\" elementskit-tab-icon\"><\/span>                            <span class=\"elementskit-tab-title\"> Yat\u0131r\u0131ml\u0131k Barlar<\/span>\n                        <\/a>\n                    <\/li>\n                                        <li class=\"elementkit-nav-item elementor-repeater-item-cd97f4f\">\n                        <a class=\"elementkit-nav-link  right-pos\" id=\"content-cd97f4f69e36baf73501-tab\" data-ekit-handler-id=\"yar-mamul\" data-ekit-toggle=\"tab\" data-target=\"#content-cd97f4f69e36baf73501\" href=\"#Content-cd97f4f69e36baf73501\"\n                            data-ekit-toggle-trigger=\"click\"\n                            aria-describedby=\"Content-cd97f4f69e36baf73501\">\n                            <span class=\" elementskit-tab-icon\"><\/span>                            <span class=\"elementskit-tab-title\"> Yar\u0131 Mamul<\/span>\n                        <\/a>\n                    <\/li>\n                                        <li class=\"elementkit-nav-item elementor-repeater-item-6318700\">\n                        <a class=\"elementkit-nav-link  active show right-pos\" id=\"content-631870069e36baf73501-tab\" data-ekit-handler-id=\"gram-alt-n-gram-g-m-sarrafiye\" data-ekit-toggle=\"tab\" data-target=\"#content-631870069e36baf73501\" href=\"#Content-631870069e36baf73501\"\n                            data-ekit-toggle-trigger=\"click\"\n                            aria-describedby=\"Content-631870069e36baf73501\">\n                            <span class=\" elementskit-tab-icon\"><\/span>                            <span class=\"elementskit-tab-title\"> Gram Alt\u0131n-Gram G\u00fcm\u00fc\u015f-Sarrafiye<\/span>\n                        <\/a>\n                    <\/li>\n                                <\/ul>\n\n            <div class=\"tab-content elementkit-tab-content\">\n                                    <div class=\"tab-pane elementkit-tab-pane elementor-repeater-item-44e2575 \" id=\"content-44e257569e36baf73501\" role=\"tabpanel\"\n                         aria-labelledby=\"content-44e257569e36baf73501-tab\">\n                        <div class=\"animated fadeIn\">\n                            <p><img fetchpriority=\"high\" decoding=\"async\" class=\"size-medium wp-image-3701\" src=\"https:\/\/www.demasaltin.com\/wp-content\/uploads\/2023\/12\/Standart-Barlar-300x225.png\" alt=\"\" width=\"300\" height=\"225\" srcset=\"https:\/\/www.demasaltin.com\/wp-content\/uploads\/2023\/12\/Standart-Barlar-300x225.png 300w, https:\/\/www.demasaltin.com\/wp-content\/uploads\/2023\/12\/Standart-Barlar-768x576.png 768w, https:\/\/www.demasaltin.com\/wp-content\/uploads\/2023\/12\/Standart-Barlar.png 800w\" sizes=\"(max-width: 300px) 100vw, 300px\" \/><\/p><p>DEMA\u015e A.\u015e., a\u015fa\u011f\u0131daki \u00f6zelliklere sahip standart metal k\u00fcl\u00e7eler sunmaktad\u0131r:<br \/>Borsa \u0130stanbul A.\u015e. ve T\u00fcrk Devlet Darphane ve Damga Matbaas\u0131 Genel M\u00fcd\u00fcrl\u00fc\u011f\u00fc taraf\u0131ndan kabul edilen<br \/>LBMA (London Bullion Market Association) sertifikal\u0131 rafineriler taraf\u0131ndan \u00fcretilen<br \/>1 ile 12,5 kg aras\u0131nda a\u011f\u0131rl\u0131\u011fa sahip (kilo ve b\u00fcy\u00fck k\u00fcl\u00e7eler) %99,50 ila %99,99 aras\u0131nda safl\u0131\u011fa sahip<br \/>Alt\u0131n, g\u00fcm\u00fc\u015f ve platin gibi de\u011ferli metallerden olu\u015fan Bu standart metal k\u00fcl\u00e7eler, yat\u0131r\u0131m ama\u00e7l\u0131 veya end\u00fcstriyel uygulamalar i\u00e7in tercih edilmektedir. Safiyetleri, kaliteleri ve belirlenen standartlara uyumlar\u0131 ile bilinirler.<\/p>                        <\/div>\n                    <\/div>\n                                    <div class=\"tab-pane elementkit-tab-pane elementor-repeater-item-d89a36e \" id=\"content-d89a36e69e36baf73501\" role=\"tabpanel\"\n                         aria-labelledby=\"content-d89a36e69e36baf73501-tab\">\n                        <div class=\"animated fadeIn\">\n                            <p><img decoding=\"async\" class=\"size-medium wp-image-3719 alignright\" src=\"https:\/\/www.demasaltin.com\/wp-content\/uploads\/2023\/12\/hurda-altin-bar-1-300x225.png\" alt=\"\" width=\"300\" height=\"225\" srcset=\"https:\/\/www.demasaltin.com\/wp-content\/uploads\/2023\/12\/hurda-altin-bar-1-300x225.png 300w, https:\/\/www.demasaltin.com\/wp-content\/uploads\/2023\/12\/hurda-altin-bar-1-768x576.png 768w, https:\/\/www.demasaltin.com\/wp-content\/uploads\/2023\/12\/hurda-altin-bar-1.png 800w\" sizes=\"(max-width: 300px) 100vw, 300px\" \/><\/p><p>Borsa \u0130stanbul A.\u015e. (B\u0130ST) \u00fcyesi olan \u015firketimiz DEMA\u015e A.\u015e. , VAI kodlu, Standart ve Standart D\u0131\u015f\u0131 K\u00fcl\u00e7e k\u0131ymetli madenlerin ithalat ve ihracat\u0131 ba\u015fta olmak \u00fczere imalat, toptan kuyumculuk ve rafinaj alanlar\u0131nda m\u00fc\u015fterileri ad\u0131na t\u00fcm i\u015f ve i\u015flemleri kolayla\u015ft\u0131rmakta, t\u00fcm s\u00fcreci uluslararas\u0131 d\u00fczenlemelere ve T\u00fcrkiye Cumhuriyeti yasalar\u0131na uygun olarak y\u00f6neterek en g\u00fcvenilir ve verimli elle\u00e7lemeyi sa\u011flamaktad\u0131r. Bu s\u00fcre\u00e7te sekt\u00f6r\u00fcn en g\u00fcvenilir ve tan\u0131nm\u0131\u015f firmalar\u0131 ile Uluslararas\u0131 Ta\u015f\u0131mac\u0131l\u0131k, Tahlil Kontrol Raporlama ve Rafinasyon s\u00fcre\u00e7lerini y\u00fcr\u00fctmek i\u00e7in i\u015f birli\u011fi yap\u0131yoruz. \u015eirketimiz ad\u0131na ger\u00e7ekle\u015ftirdi\u011fimiz ve m\u00fc\u015fterilerimiz ad\u0131na arac\u0131l\u0131k etti\u011fimiz i\u015flemler a\u015fa\u011f\u0131daki gibidir:<br \/>\u2022 Borsa \u0130stanbul A.\u015e. (BIST) \u00fcyesi olarak kendi ad\u0131m\u0131za ve m\u00fc\u015fterilerimiz ad\u0131na Standart ve Standart D\u0131\u015f\u0131 K\u00fcl\u00e7e \u0130thalat\u0131n\u0131 ger\u00e7ekle\u015ftirmekteyiz.\u00a0 VAI kodu ile.<br \/>\u2022 K\u0131ymetli madenler \u015feklinde ihracat gelirlerinin al\u0131nmas\u0131n\u0131 i\u00e7eren i\u015flemlere arac\u0131l\u0131k etmek.<br \/>\u2022 T\u00fcrkiye\u2019de yerle\u015fik t\u00fczel ki\u015filerin sermayelerine eklenecek k\u0131ymetli maden ithalat\u0131na arac\u0131l\u0131k.<br \/>\u2022 \u0130thalat ve ihracat i\u015flemleri dahil gram ba\u015f\u0131na alt\u0131n al\u0131m sat\u0131m\u0131.<br \/>\u2022 T\u00fcrkiye Cumhuriyeti Darphanesi damgal\u0131 darpl\u0131 ziynet e\u015fyas\u0131 al\u0131m sat\u0131m\u0131.<br \/>\u2022 K\u00fcl\u00e7e ve gran\u00fcl g\u00fcm\u00fc\u015f al\u0131m sat\u0131m\u0131.<br \/>\u2022 Platin, paladyum ve radyum al\u0131m sat\u0131m\u0131.<\/p>                        <\/div>\n                    <\/div>\n                                    <div class=\"tab-pane elementkit-tab-pane elementor-repeater-item-05c78c8 \" id=\"content-05c78c869e36baf73501\" role=\"tabpanel\"\n                         aria-labelledby=\"content-05c78c869e36baf73501-tab\">\n                        <div class=\"animated fadeIn\">\n                            <p><img decoding=\"async\" class=\"size-medium wp-image-3702\" src=\"https:\/\/www.demasaltin.com\/wp-content\/uploads\/2023\/12\/Yatirimlik-Altin-300x225.png\" alt=\"\" width=\"300\" height=\"225\" srcset=\"https:\/\/www.demasaltin.com\/wp-content\/uploads\/2023\/12\/Yatirimlik-Altin-300x225.png 300w, https:\/\/www.demasaltin.com\/wp-content\/uploads\/2023\/12\/Yatirimlik-Altin-768x576.png 768w, https:\/\/www.demasaltin.com\/wp-content\/uploads\/2023\/12\/Yatirimlik-Altin.png 800w\" sizes=\"(max-width: 300px) 100vw, 300px\" \/><\/p><p>Borsa \u0130stanbul A.\u015e. ve T\u00fcrk Devlet Darphane ve Damga Matbaas\u0131 Genel M\u00fcd\u00fcrl\u00fc\u011f\u00fc taraf\u0131ndan kabul edilmektedir.<br \/>London Bullion Market Association (LBMA) taraf\u0131ndan sertifikal\u0131 rafineriler taraf\u0131ndan \u00fcretilmektedir.<br \/>1 gram, 2.5 gram, 5 gram, 10 gram, 20 gram, 50 gram ve 100 gram gibi \u00e7e\u015fitli a\u011f\u0131rl\u0131klarda mevcuttur.<br \/>Safiyet seviyeleri %99.50 ile %99.99 aras\u0131nda de\u011fi\u015fmektedir.<br \/>Bu alt\u0131n barlar genellikle yat\u0131r\u0131m amac\u0131yla kullan\u0131lmaktad\u0131r.<\/p>                        <\/div>\n                    <\/div>\n                                    <div class=\"tab-pane elementkit-tab-pane elementor-repeater-item-cd97f4f \" id=\"content-cd97f4f69e36baf73501\" role=\"tabpanel\"\n                         aria-labelledby=\"content-cd97f4f69e36baf73501-tab\">\n                        <div class=\"animated fadeIn\">\n                            <p><img loading=\"lazy\" decoding=\"async\" class=\"size-medium wp-image-3701 alignright\" src=\"https:\/\/www.demasaltin.com\/wp-content\/uploads\/2023\/12\/Standart-Barlar-300x225.png\" alt=\"\" width=\"300\" height=\"225\" srcset=\"https:\/\/www.demasaltin.com\/wp-content\/uploads\/2023\/12\/Standart-Barlar-300x225.png 300w, https:\/\/www.demasaltin.com\/wp-content\/uploads\/2023\/12\/Standart-Barlar-768x576.png 768w, https:\/\/www.demasaltin.com\/wp-content\/uploads\/2023\/12\/Standart-Barlar.png 800w\" sizes=\"(max-width: 300px) 100vw, 300px\" \/><\/p><p>DEMA\u015e A.\u015e., a\u015fa\u011f\u0131daki \u00f6zelliklere sahip standart metal k\u00fcl\u00e7eler sunmaktad\u0131r:<br \/>Borsa \u0130stanbul A.\u015e. ve T\u00fcrk Devlet Darphane ve Damga Matbaas\u0131 Genel M\u00fcd\u00fcrl\u00fc\u011f\u00fc taraf\u0131ndan kabul edilen<br \/>LBMA (London Bullion Market Association) sertifikal\u0131 rafineriler taraf\u0131ndan \u00fcretilen<br \/>1 ile 12,5 kg aras\u0131nda a\u011f\u0131rl\u0131\u011fa sahip (kilo ve b\u00fcy\u00fck k\u00fcl\u00e7eler) %99,50 ila %99,99 aras\u0131nda safl\u0131\u011fa sahip<br \/>Alt\u0131n, g\u00fcm\u00fc\u015f ve platin gibi de\u011ferli metallerden olu\u015fan Bu standart metal k\u00fcl\u00e7eler, yat\u0131r\u0131m ama\u00e7l\u0131 veya end\u00fcstriyel uygulamalar i\u00e7in tercih edilmektedir. Safiyetleri, kaliteleri ve belirlenen standartlara uyumlar\u0131 ile bilinirler.<\/p>                        <\/div>\n                    <\/div>\n                                    <div class=\"tab-pane elementkit-tab-pane elementor-repeater-item-6318700  active show\" id=\"content-631870069e36baf73501\" role=\"tabpanel\"\n                         aria-labelledby=\"content-631870069e36baf73501-tab\">\n                        <div class=\"animated fadeIn\">\n                            <p><a href=\"https:\/\/www.altinanne.com\" target=\"_blank\" rel=\"noopener\"><img loading=\"lazy\" decoding=\"async\" class=\"wp-image-6439 size-medium alignright\" src=\"https:\/\/www.demasaltin.com\/wp-content\/uploads\/2025\/07\/SIYAH-281x300.png\" alt=\"\" width=\"281\" height=\"300\" \/><\/a><\/p><p><a href=\"https:\/\/www.altinanne.com\" target=\"_blank\" rel=\"noopener\"><strong>Alt\u0131nAnne<\/strong><\/a> yat\u0131r\u0131mlar\u0131n\u0131za de\u011fer katan \u00fcr\u00fcnlerimizle, g\u00fcvenli ve kazan\u00e7l\u0131 birikimler yapman\u0131za destek oluyoruz. B\u00fct\u00e7e dostu yat\u0131r\u0131ml\u0131k gram alt\u0131n ve k\u00fcl\u00e7eler, gelece\u011fe y\u00f6nelik sa\u011flam bir ad\u0131m atman\u0131z\u0131 sa\u011fl\u0131yor. Sarrafiye grubundaki \u00c7eyrek Alt\u0131n, Yar\u0131m Alt\u0131n, Tam Alt\u0131n ve Cumhuriyet Ata Lira gibi vazge\u00e7ilmez se\u00e7eneklerle geleneksel yat\u0131r\u0131mlar\u0131n\u0131za de\u011fer katabilirsiniz. Ajda, D\u00fcz Kibrit, \u0130kili Burma ve \u00dc\u00e7l\u00fc Burma bilezik \u00e7e\u015fitlerimiz ise zarif tasar\u0131m\u0131 ve d\u00fc\u015f\u00fck i\u015f\u00e7ilik avantaj\u0131yla \u00f6ne \u00e7\u0131karken, uzun vadeli kazan\u00e7lar i\u00e7in ideal bir se\u00e7enek sunuyor.<\/p>                        <\/div>\n                    <\/div>\n                            <\/div>\n        <\/div>\n    <\/div>\t\t<\/div>\n\t\t\t\t<\/div>\n\t\t\t\t<\/div>\n\t\t\t\t<\/div>\n\t\t<div class=\"elementor-element elementor-element-340c14f e-con-full e-flex e-con e-parent\" data-id=\"340c14f\" data-element_type=\"container\" data-settings=\"{&quot;content_width&quot;:&quot;full&quot;}\" data-core-v316-plus=\"true\">\n\t\t\t\t<div class=\"elementor-element elementor-element-40baed8 elementor-widget__width-initial elementor-arrows-position-inside elementor-pagination-position-outside elementor-widget elementor-widget-image-carousel\" data-id=\"40baed8\" data-element_type=\"widget\" data-settings=\"{&quot;navigation&quot;:&quot;both&quot;,&quot;autoplay&quot;:&quot;yes&quot;,&quot;pause_on_hover&quot;:&quot;yes&quot;,&quot;pause_on_interaction&quot;:&quot;yes&quot;,&quot;autoplay_speed&quot;:5000,&quot;infinite&quot;:&quot;yes&quot;,&quot;speed&quot;:500}\" data-widget_type=\"image-carousel.default\">\n\t\t\t\t<div class=\"elementor-widget-container\">\n\t\t\t<style>\/*! elementor - v3.19.0 - 07-02-2024 *\/\n.elementor-widget-image-carousel .swiper,.elementor-widget-image-carousel .swiper-container{position:static}.elementor-widget-image-carousel .swiper-container .swiper-slide figure,.elementor-widget-image-carousel .swiper .swiper-slide figure{line-height:inherit}.elementor-widget-image-carousel .swiper-slide{text-align:center}.elementor-image-carousel-wrapper:not(.swiper-container-initialized):not(.swiper-initialized) .swiper-slide{max-width:calc(100% \/ var(--e-image-carousel-slides-to-show, 3))}<\/style>\t\t<div class=\"elementor-image-carousel-wrapper swiper\" dir=\"ltr\">\n\t\t\t<div class=\"elementor-image-carousel swiper-wrapper\" aria-live=\"off\">\n\t\t\t\t\t\t\t\t<div class=\"swiper-slide\" role=\"group\" aria-roledescription=\"slide\" aria-label=\"1 \/ 5\"><figure class=\"swiper-slide-inner\"><img decoding=\"async\" class=\"swiper-slide-image\" src=\"https:\/\/www.demasaltin.com\/wp-content\/uploads\/2023\/11\/iso-11.png\" alt=\"iso-11\" \/><\/figure><\/div><div class=\"swiper-slide\" role=\"group\" aria-roledescription=\"slide\" aria-label=\"2 \/ 5\"><figure class=\"swiper-slide-inner\"><img decoding=\"async\" class=\"swiper-slide-image\" src=\"https:\/\/www.demasaltin.com\/wp-content\/uploads\/2023\/11\/immib-11.png\" alt=\"immib-11\" \/><\/figure><\/div><div class=\"swiper-slide\" role=\"group\" aria-roledescription=\"slide\" aria-label=\"3 \/ 5\"><figure class=\"swiper-slide-inner\"><img decoding=\"async\" class=\"swiper-slide-image\" src=\"https:\/\/www.demasaltin.com\/wp-content\/uploads\/2023\/11\/borsa-istanbul-11.png\" alt=\"borsa-istanbul-11\" \/><\/figure><\/div><div class=\"swiper-slide\" role=\"group\" aria-roledescription=\"slide\" aria-label=\"4 \/ 5\"><figure class=\"swiper-slide-inner\"><img decoding=\"async\" class=\"swiper-slide-image\" src=\"https:\/\/www.demasaltin.com\/wp-content\/uploads\/2023\/12\/tim-300x100.png\" alt=\"tim\" \/><\/figure><\/div><div class=\"swiper-slide\" role=\"group\" aria-roledescription=\"slide\" aria-label=\"5 \/ 5\"><figure class=\"swiper-slide-inner\"><img decoding=\"async\" class=\"swiper-slide-image\" src=\"https:\/\/www.demasaltin.com\/wp-content\/uploads\/2023\/12\/Turkish-Jewellery-300x115.png\" alt=\"Turkish Jewellery\" \/><\/figure><\/div>\t\t\t<\/div>\n\t\t\t\t\t\t\t\t\t\t\t\t<div class=\"elementor-swiper-button elementor-swiper-button-prev\" role=\"button\" tabindex=\"0\">\n\t\t\t\t\t\t<svg aria-hidden=\"true\" class=\"e-font-icon-svg e-eicon-chevron-left\" viewBox=\"0 0 1000 1000\" xmlns=\"http:\/\/www.w3.org\/2000\/svg\"><path d=\"M646 125C629 125 613 133 604 142L308 442C296 454 292 471 292 487 292 504 296 521 308 533L604 854C617 867 629 875 646 875 663 875 679 871 692 858 704 846 713 829 713 812 713 796 708 779 692 767L438 487 692 225C700 217 708 204 708 187 708 171 704 154 692 142 675 129 663 125 646 125Z\"><\/path><\/svg>\t\t\t\t\t<\/div>\n\t\t\t\t\t<div class=\"elementor-swiper-button elementor-swiper-button-next\" role=\"button\" tabindex=\"0\">\n\t\t\t\t\t\t<svg aria-hidden=\"true\" class=\"e-font-icon-svg e-eicon-chevron-right\" viewBox=\"0 0 1000 1000\" xmlns=\"http:\/\/www.w3.org\/2000\/svg\"><path d=\"M696 533C708 521 713 504 713 487 713 471 708 454 696 446L400 146C388 133 375 125 354 125 338 125 325 129 313 142 300 154 292 171 292 187 292 204 296 221 308 233L563 492 304 771C292 783 288 800 288 817 288 833 296 850 308 863 321 871 338 875 354 875 371 875 388 867 400 854L696 533Z\"><\/path><\/svg>\t\t\t\t\t<\/div>\n\t\t\t\t\n\t\t\t\t\t\t\t\t\t<div class=\"swiper-pagination\"><\/div>\n\t\t\t\t\t\t\t\t\t<\/div>\n\t\t\t\t<\/div>\n\t\t\t\t<\/div>\n\t\t\t\t<\/div>\n\t\t\t\t<\/div>\n\t\t","protected":false},"excerpt":{"rendered":"<p>\u00dcr\u00fcnler Standart Barlar K\u0131ymetli Maden i\u00e7eren Hurda Metaller Yat\u0131r\u0131ml\u0131k Barlar Yar\u0131 Mamul Gram Alt\u0131n-Gram G\u00fcm\u00fc\u015f-Sarrafiye DEMA\u015e A.\u015e., a\u015fa\u011f\u0131daki \u00f6zelliklere sahip standart metal k\u00fcl\u00e7eler sunmaktad\u0131r:Borsa \u0130stanbul A.\u015e. ve T\u00fcrk Devlet Darphane ve Damga Matbaas\u0131 Genel M\u00fcd\u00fcrl\u00fc\u011f\u00fc taraf\u0131ndan kabul edilenLBMA (London Bullion Market Association) sertifikal\u0131 rafineriler taraf\u0131ndan \u00fcretilen1 ile 12,5 kg aras\u0131nda a\u011f\u0131rl\u0131\u011fa sahip (kilo ve b\u00fcy\u00fck [&hellip;]<\/p>\n","protected":false},"author":3,"featured_media":0,"parent":0,"menu_order":0,"comment_status":"closed","ping_status":"closed","template":"elementor_header_footer","meta":{"_eb_attr":"","om_disable_all_campaigns":false,"footnotes":""},"class_list":["post-6449","page","type-page","status-publish","hentry"],"aioseo_notices":[],"_links":{"self":[{"href":"https:\/\/www.demasaltin.com\/tr\/wp-json\/wp\/v2\/pages\/6449","targetHints":{"allow":["GET"]}}],"collection":[{"href":"https:\/\/www.demasaltin.com\/tr\/wp-json\/wp\/v2\/pages"}],"about":[{"href":"https:\/\/www.demasaltin.com\/tr\/wp-json\/wp\/v2\/types\/page"}],"author":[{"embeddable":true,"href":"https:\/\/www.demasaltin.com\/tr\/wp-json\/wp\/v2\/users\/3"}],"replies":[{"embeddable":true,"href":"https:\/\/www.demasaltin.com\/tr\/wp-json\/wp\/v2\/comments?post=6449"}],"version-history":[{"count":7,"href":"https:\/\/www.demasaltin.com\/tr\/wp-json\/wp\/v2\/pages\/6449\/revisions"}],"predecessor-version":[{"id":6457,"href":"https:\/\/www.demasaltin.com\/tr\/wp-json\/wp\/v2\/pages\/6449\/revisions\/6457"}],"wp:attachment":[{"href":"https:\/\/www.demasaltin.com\/tr\/wp-json\/wp\/v2\/media?parent=6449"}],"curies":[{"name":"wp","href":"https:\/\/api.w.org\/{rel}","templated":true}]}}