{"id":5391,"date":"2024-01-29T21:18:53","date_gmt":"2024-01-29T21:18:53","guid":{"rendered":"https:\/\/www.demasaltin.com\/?page_id=5391"},"modified":"2025-07-31T07:22:17","modified_gmt":"2025-07-31T07:22:17","slug":"baskanin-mesaji","status":"publish","type":"page","link":"https:\/\/www.demasaltin.com\/tr\/baskanin-mesaji\/","title":{"rendered":"Ba\u015fkan\u0131n Mesaj\u0131"},"content":{"rendered":"\t\t<div data-elementor-type=\"wp-page\" data-elementor-id=\"5391\" class=\"elementor elementor-5391\" data-elementor-post-type=\"page\">\n\t\t\t\t<div class=\"elementor-element elementor-element-1ebc43a e-flex e-con-boxed e-con e-parent\" data-id=\"1ebc43a\" data-element_type=\"container\" data-settings=\"{&quot;background_background&quot;:&quot;classic&quot;,&quot;content_width&quot;:&quot;boxed&quot;}\" data-core-v316-plus=\"true\">\n\t\t\t\t\t<div class=\"e-con-inner\">\n\t\t\t\t<div class=\"elementor-element elementor-element-51966f06 animated-slow elementor-invisible elementor-widget elementor-widget-heading\" data-id=\"51966f06\" data-element_type=\"widget\" data-settings=\"{&quot;_animation&quot;:&quot;fadeInLeft&quot;}\" data-widget_type=\"heading.default\">\n\t\t\t\t<div class=\"elementor-widget-container\">\n\t\t\t<style>\/*! elementor - v3.19.0 - 07-02-2024 *\/\n.elementor-heading-title{padding:0;margin:0;line-height:1}.elementor-widget-heading .elementor-heading-title[class*=elementor-size-]>a{color:inherit;font-size:inherit;line-height:inherit}.elementor-widget-heading .elementor-heading-title.elementor-size-small{font-size:15px}.elementor-widget-heading .elementor-heading-title.elementor-size-medium{font-size:19px}.elementor-widget-heading .elementor-heading-title.elementor-size-large{font-size:29px}.elementor-widget-heading .elementor-heading-title.elementor-size-xl{font-size:39px}.elementor-widget-heading .elementor-heading-title.elementor-size-xxl{font-size:59px}<\/style><h2 class=\"elementor-heading-title elementor-size-large\">Ba\u015fkan\u0131n Mesaj\u0131<\/h2>\t\t<\/div>\n\t\t\t\t<\/div>\n\t\t\t\t\t<\/div>\n\t\t\t\t<\/div>\n\t\t<div class=\"elementor-element elementor-element-4cce4ebc e-con-full e-flex e-con e-parent\" data-id=\"4cce4ebc\" data-element_type=\"container\" data-settings=\"{&quot;content_width&quot;:&quot;full&quot;}\" data-core-v316-plus=\"true\">\n\t\t<div class=\"elementor-element elementor-element-2e71c3ee e-con-full e-flex e-con e-child\" data-id=\"2e71c3ee\" data-element_type=\"container\" data-settings=\"{&quot;content_width&quot;:&quot;full&quot;}\">\n\t\t\t\t<div class=\"elementor-element elementor-element-18bb3fc0 hfe-submenu-icon-plus elementor-widget__width-initial hfe-link-redirect-self_link hfe-nav-menu__breakpoint-mobile hfe-nav-menu__align-left elementor-widget elementor-widget-navigation-menu\" data-id=\"18bb3fc0\" data-element_type=\"widget\" data-settings=\"{&quot;padding_horizontal_menu_item&quot;:{&quot;unit&quot;:&quot;px&quot;,&quot;size&quot;:17,&quot;sizes&quot;:[]},&quot;padding_vertical_menu_item&quot;:{&quot;unit&quot;:&quot;px&quot;,&quot;size&quot;:19,&quot;sizes&quot;:[]},&quot;menu_space_between&quot;:{&quot;unit&quot;:&quot;px&quot;,&quot;size&quot;:2,&quot;sizes&quot;:[]},&quot;dropdown_border_radius&quot;:{&quot;unit&quot;:&quot;px&quot;,&quot;top&quot;:&quot;14&quot;,&quot;right&quot;:&quot;14&quot;,&quot;bottom&quot;:&quot;14&quot;,&quot;left&quot;:&quot;14&quot;,&quot;isLinked&quot;:true},&quot;padding_horizontal_dropdown_item&quot;:{&quot;unit&quot;:&quot;px&quot;,&quot;size&quot;:47,&quot;sizes&quot;:[]},&quot;padding_vertical_dropdown_item&quot;:{&quot;unit&quot;:&quot;px&quot;,&quot;size&quot;:17,&quot;sizes&quot;:[]},&quot;distance_from_menu&quot;:{&quot;unit&quot;:&quot;px&quot;,&quot;size&quot;:-3,&quot;sizes&quot;:[]},&quot;toggle_size&quot;:{&quot;unit&quot;:&quot;px&quot;,&quot;size&quot;:16,&quot;sizes&quot;:[]},&quot;toggle_border_width&quot;:{&quot;unit&quot;:&quot;px&quot;,&quot;size&quot;:0,&quot;sizes&quot;:[]},&quot;padding_horizontal_menu_item_tablet&quot;:{&quot;unit&quot;:&quot;px&quot;,&quot;size&quot;:&quot;&quot;,&quot;sizes&quot;:[]},&quot;padding_horizontal_menu_item_mobile&quot;:{&quot;unit&quot;:&quot;px&quot;,&quot;size&quot;:&quot;&quot;,&quot;sizes&quot;:[]},&quot;padding_vertical_menu_item_tablet&quot;:{&quot;unit&quot;:&quot;px&quot;,&quot;size&quot;:&quot;&quot;,&quot;sizes&quot;:[]},&quot;padding_vertical_menu_item_mobile&quot;:{&quot;unit&quot;:&quot;px&quot;,&quot;size&quot;:&quot;&quot;,&quot;sizes&quot;:[]},&quot;menu_space_between_tablet&quot;:{&quot;unit&quot;:&quot;px&quot;,&quot;size&quot;:&quot;&quot;,&quot;sizes&quot;:[]},&quot;menu_space_between_mobile&quot;:{&quot;unit&quot;:&quot;px&quot;,&quot;size&quot;:&quot;&quot;,&quot;sizes&quot;:[]},&quot;dropdown_border_radius_tablet&quot;:{&quot;unit&quot;:&quot;px&quot;,&quot;top&quot;:&quot;&quot;,&quot;right&quot;:&quot;&quot;,&quot;bottom&quot;:&quot;&quot;,&quot;left&quot;:&quot;&quot;,&quot;isLinked&quot;:true},&quot;dropdown_border_radius_mobile&quot;:{&quot;unit&quot;:&quot;px&quot;,&quot;top&quot;:&quot;&quot;,&quot;right&quot;:&quot;&quot;,&quot;bottom&quot;:&quot;&quot;,&quot;left&quot;:&quot;&quot;,&quot;isLinked&quot;:true},&quot;padding_horizontal_dropdown_item_tablet&quot;:{&quot;unit&quot;:&quot;px&quot;,&quot;size&quot;:&quot;&quot;,&quot;sizes&quot;:[]},&quot;padding_horizontal_dropdown_item_mobile&quot;:{&quot;unit&quot;:&quot;px&quot;,&quot;size&quot;:&quot;&quot;,&quot;sizes&quot;:[]},&quot;padding_vertical_dropdown_item_tablet&quot;:{&quot;unit&quot;:&quot;px&quot;,&quot;size&quot;:&quot;&quot;,&quot;sizes&quot;:[]},&quot;padding_vertical_dropdown_item_mobile&quot;:{&quot;unit&quot;:&quot;px&quot;,&quot;size&quot;:&quot;&quot;,&quot;sizes&quot;:[]},&quot;distance_from_menu_tablet&quot;:{&quot;unit&quot;:&quot;px&quot;,&quot;size&quot;:&quot;&quot;,&quot;sizes&quot;:[]},&quot;distance_from_menu_mobile&quot;:{&quot;unit&quot;:&quot;px&quot;,&quot;size&quot;:&quot;&quot;,&quot;sizes&quot;:[]},&quot;toggle_size_tablet&quot;:{&quot;unit&quot;:&quot;px&quot;,&quot;size&quot;:&quot;&quot;,&quot;sizes&quot;:[]},&quot;toggle_size_mobile&quot;:{&quot;unit&quot;:&quot;px&quot;,&quot;size&quot;:&quot;&quot;,&quot;sizes&quot;:[]},&quot;toggle_border_width_tablet&quot;:{&quot;unit&quot;:&quot;px&quot;,&quot;size&quot;:&quot;&quot;,&quot;sizes&quot;:[]},&quot;toggle_border_width_mobile&quot;:{&quot;unit&quot;:&quot;px&quot;,&quot;size&quot;:&quot;&quot;,&quot;sizes&quot;:[]},&quot;toggle_border_radius&quot;:{&quot;unit&quot;:&quot;px&quot;,&quot;size&quot;:&quot;&quot;,&quot;sizes&quot;:[]},&quot;toggle_border_radius_tablet&quot;:{&quot;unit&quot;:&quot;px&quot;,&quot;size&quot;:&quot;&quot;,&quot;sizes&quot;:[]},&quot;toggle_border_radius_mobile&quot;:{&quot;unit&quot;:&quot;px&quot;,&quot;size&quot;:&quot;&quot;,&quot;sizes&quot;:[]}}\" data-widget_type=\"navigation-menu.default\">\n\t\t\t\t<div class=\"elementor-widget-container\">\n\t\t\t\t\t\t<div class=\"hfe-nav-menu hfe-layout-vertical hfe-nav-menu-layout vertical\" data-layout=\"vertical\">\n\t\t\t\t<div role=\"button\" class=\"hfe-nav-menu__toggle elementor-clickable\">\n\t\t\t\t\t<span class=\"screen-reader-text\">Menu<\/span>\n\t\t\t\t\t<div class=\"hfe-nav-menu-icon\">\n\t\t\t\t\t\t<i aria-hidden=\"true\"  class=\"icon icon-menu-9\"><\/i>\t\t\t\t\t<\/div>\n\t\t\t\t<\/div>\n\t\t\t\t<nav itemscope=\"itemscope\" itemtype=\"http:\/\/schema.org\/SiteNavigationElement\" class=\"hfe-nav-menu__layout-vertical hfe-nav-menu__submenu-plus\" data-toggle-icon=\"&lt;i aria-hidden=&quot;true&quot; tabindex=&quot;0&quot; class=&quot;icon icon-menu-9&quot;&gt;&lt;\/i&gt;\" data-close-icon=\"&lt;svg aria-hidden=&quot;true&quot; tabindex=&quot;0&quot; class=&quot;e-font-icon-svg e-far-window-close&quot; viewBox=&quot;0 0 512 512&quot; xmlns=&quot;http:\/\/www.w3.org\/2000\/svg&quot;&gt;&lt;path d=&quot;M464 32H48C21.5 32 0 53.5 0 80v352c0 26.5 21.5 48 48 48h416c26.5 0 48-21.5 48-48V80c0-26.5-21.5-48-48-48zm0 394c0 3.3-2.7 6-6 6H54c-3.3 0-6-2.7-6-6V86c0-3.3 2.7-6 6-6h404c3.3 0 6 2.7 6 6v340zM356.5 194.6L295.1 256l61.4 61.4c4.6 4.6 4.6 12.1 0 16.8l-22.3 22.3c-4.6 4.6-12.1 4.6-16.8 0L256 295.1l-61.4 61.4c-4.6 4.6-12.1 4.6-16.8 0l-22.3-22.3c-4.6-4.6-4.6-12.1 0-16.8l61.4-61.4-61.4-61.4c-4.6-4.6-4.6-12.1 0-16.8l22.3-22.3c4.6-4.6 12.1-4.6 16.8 0l61.4 61.4 61.4-61.4c4.6-4.6 12.1-4.6 16.8 0l22.3 22.3c4.7 4.6 4.7 12.1 0 16.8z&quot;&gt;&lt;\/path&gt;&lt;\/svg&gt;\" data-full-width=\"\">\n\t\t\t\t\t<ul id=\"menu-1-18bb3fc0\" class=\"hfe-nav-menu\"><li id=\"menu-item-5161\" itemprop=\"name\" class=\"menu-item menu-item-type-custom menu-item-object-custom parent hfe-creative-menu\"><a href=\"https:\/\/www.demasaltin.com\/hakkimizda\/\" itemprop=\"url\" class = \"hfe-menu-item\">Hakk\u0131m\u0131zda<\/a><\/li>\n<li id=\"menu-item-5162\" itemprop=\"name\" class=\"menu-item menu-item-type-custom menu-item-object-custom parent hfe-creative-menu\"><a href=\"https:\/\/www.demasaltin.com\/baskanin-mesaji\/\" itemprop=\"url\" class = \"hfe-menu-item\">Ba\u015fkan\u0131n Mesaj\u0131<\/a><\/li>\n<li id=\"menu-item-5163\" itemprop=\"name\" class=\"menu-item menu-item-type-custom menu-item-object-custom parent hfe-creative-menu\"><a href=\"https:\/\/www.demasaltin.com\/insan-kaynaklari\/\" itemprop=\"url\" class = \"hfe-menu-item\">\u0130nsan Kaynaklar\u0131<\/a><\/li>\n<li id=\"menu-item-5164\" itemprop=\"name\" class=\"menu-item menu-item-type-custom menu-item-object-custom parent hfe-creative-menu\"><a href=\"https:\/\/www.demasaltin.com\/misyon-vizyon-vedegerler\/\" itemprop=\"url\" class = \"hfe-menu-item\">Misyon,Vizyon ve De\u011ferler<\/a><\/li>\n<li id=\"menu-item-5153\" itemprop=\"name\" class=\"menu-item menu-item-type-custom menu-item-object-custom parent hfe-creative-menu\"><a href=\"https:\/\/www.demasaltin.com\/tarihce\/\" itemprop=\"url\" class = \"hfe-menu-item\">Tarih\u00e7e<\/a><\/li>\n<li id=\"menu-item-6339\" itemprop=\"name\" class=\"menu-item menu-item-type-custom menu-item-object-custom parent hfe-creative-menu\"><a href=\"https:\/\/www.demasaltin.com\/basinda-biz\" itemprop=\"url\" class = \"hfe-menu-item\">Bas\u0131nda Biz<\/a><\/li>\n<\/ul> \n\t\t\t\t<\/nav>\n\t\t\t<\/div>\n\t\t\t\t\t<\/div>\n\t\t\t\t<\/div>\n\t\t\t\t<\/div>\n\t\t<div class=\"elementor-element elementor-element-1143bc92 e-con-full e-flex e-con e-child\" data-id=\"1143bc92\" data-element_type=\"container\" data-settings=\"{&quot;content_width&quot;:&quot;full&quot;}\">\n\t\t\t\t<div class=\"elementor-element elementor-element-680b7e82 elementor-widget elementor-widget-text-editor\" data-id=\"680b7e82\" data-element_type=\"widget\" data-widget_type=\"text-editor.default\">\n\t\t\t\t<div class=\"elementor-widget-container\">\n\t\t\t<style>\/*! elementor - v3.19.0 - 07-02-2024 *\/\n.elementor-widget-text-editor.elementor-drop-cap-view-stacked .elementor-drop-cap{background-color:#69727d;color:#fff}.elementor-widget-text-editor.elementor-drop-cap-view-framed .elementor-drop-cap{color:#69727d;border:3px solid;background-color:transparent}.elementor-widget-text-editor:not(.elementor-drop-cap-view-default) .elementor-drop-cap{margin-top:8px}.elementor-widget-text-editor:not(.elementor-drop-cap-view-default) .elementor-drop-cap-letter{width:1em;height:1em}.elementor-widget-text-editor .elementor-drop-cap{float:left;text-align:center;line-height:1;font-size:50px}.elementor-widget-text-editor .elementor-drop-cap-letter{display:inline-block}<\/style>\t\t\t\t<p><img fetchpriority=\"high\" decoding=\"async\" class=\" wp-image-6206 alignright\" src=\"https:\/\/www.demasaltin.com\/wp-content\/uploads\/2025\/05\/ACK-300x200.jpg\" alt=\"\" width=\"429\" height=\"286\" srcset=\"https:\/\/www.demasaltin.com\/wp-content\/uploads\/2025\/05\/ACK-300x200.jpg 300w, https:\/\/www.demasaltin.com\/wp-content\/uploads\/2025\/05\/ACK-1024x682.jpg 1024w, https:\/\/www.demasaltin.com\/wp-content\/uploads\/2025\/05\/ACK-768x512.jpg 768w, https:\/\/www.demasaltin.com\/wp-content\/uploads\/2025\/05\/ACK-370x247.jpg 370w, https:\/\/www.demasaltin.com\/wp-content\/uploads\/2025\/05\/ACK-270x180.jpg 270w, https:\/\/www.demasaltin.com\/wp-content\/uploads\/2025\/05\/ACK-1536x1023.jpg 1536w, https:\/\/www.demasaltin.com\/wp-content\/uploads\/2025\/05\/ACK-18x12.jpg 18w, https:\/\/www.demasaltin.com\/wp-content\/uploads\/2025\/05\/ACK.jpg 1600w\" sizes=\"(max-width: 429px) 100vw, 429px\" \/>K\u0131ymetli \u0130\u015f Orta\u011f\u0131m\u0131z ve Sevgili \u00c7al\u0131\u015fma Arkada\u015flar\u0131m\u0131z,<\/p><p>DEMA\u015e A.\u015e. olarak, K\u0131ymetli Madenler pazar\u0131nda geni\u015f bir alanda faaliyetlerimize devam etmekteyiz. Uluslararas\u0131 pazarda bilinen ve g\u00fcvenilen bir K\u0131ymetli Maden Tedarik\u00e7isi, geni\u015f bir \u00fcr\u00fcn yelpazesi olan bir \u00fcretici, d\u00fcnya pazar\u0131na bu \u00fcr\u00fcnleri eri\u015ftiren bir ihracat\u00e7\u0131, i\u00e7 pazarda itibar edilen bir hammadde tedarik\u00e7isi olarak, \u00e7ok y\u00f6nl\u00fc bir yap\u0131ya sahibiz.<\/p><p>Uzun y\u0131llara dayanan deneyimimiz, t\u00fcm \u00e7al\u0131\u015fanlar\u0131m\u0131zla hep birlikte geli\u015ftirdi\u011fimiz, yeniliklere ayak uydurma yetene\u011fimiz ve y\u0131llar i\u00e7inde olu\u015fturdu\u011fumuz g\u00fc\u00e7l\u00fc \u015firket k\u00fclt\u00fcr\u00fcm\u00fcz, g\u00fcn\u00fcm\u00fcz\u00fcn en \u00f6nemli kavramlar\u0131 aras\u0131nda yer alan \u201cde\u011fi\u015fim ve d\u00f6n\u00fc\u015f\u00fcm\u201de olan inanc\u0131m\u0131zla geli\u015fiyor, b\u00fcy\u00fcyor, ayn\u0131 temel \u00fczerinde yeniden bi\u00e7imleniyor.<\/p><p>G\u00fcven esas\u0131na dayal\u0131 olarak y\u00fcr\u00fcyen bir pazarda, rakamlarla ve her faaliyetimizle ilk s\u0131ralarda yer almam\u0131z, do\u011fru ad\u0131mlarla belirledi\u011fimiz hedeflere ula\u015fma konusunda ba\u015far\u0131l\u0131 ilerleyi\u015fimizi g\u00f6steriyor. Kendimize slogan edindi\u011fimiz \u201cBildi\u011fimiz i\u015fimizi, iyi yapt\u0131\u011f\u0131m\u0131z\u0131 kan\u0131tl\u0131yor.\u201d<\/p><p>Geli\u015ferek, yenilenerek, deneyimlerimizden ders \u00e7\u0131kararak ve g\u00fc\u00e7 alarak hedeflerimizi b\u00fcy\u00fct\u00fcyor; gerek sekt\u00f6r, gerek \u00fcretim ve pazar \u00e7e\u015fitlili\u011fi, gerekse teknolojik altyap\u0131 ve \u00fcretim kapasitesiyle daha da b\u00fcy\u00fcmeyi hedefliyoruz.<\/p><p>Her ge\u00e7en g\u00fcn de\u011fi\u015fen bu dinamik pazarda, se\u00e7ici, ulusal ve uluslararas\u0131 mevzuata uyumdan taviz vermeden g\u00fcvenilir bir i\u015f orta\u011f\u0131 olarak hizmetlerimizi sa\u011fl\u0131yoruz. 2019\u2019dan beri ald\u0131\u011f\u0131m\u0131z yola bakt\u0131k\u00e7a, ne kadar \u00e7ok yol ald\u0131\u011f\u0131m\u0131z\u0131 g\u00f6r\u00fcp gururlan\u0131yoruz. Ama art\u0131k daha uzaklar\u0131 g\u00f6rebiliyoruz ve \u00f6n\u00fcm\u00fcze bakt\u0131k\u00e7a da daha ne kadar uzun bir yol oldu\u011funu g\u00f6r\u00fcyoruz, sonunu g\u00f6remedi\u011fimiz. \u015eimdi yeni hayallerimiz var. Bunlar i\u00e7in de t\u00fcm g\u00fcc\u00fcm\u00fczle \u00e7al\u0131\u015faca\u011f\u0131z ve sizlerin kar\u015f\u0131s\u0131na, sizlere yeni anlatacak hikayelerle \u00e7\u0131kaca\u011f\u0131z; \u00e7\u00fcnk\u00fc anlatacak bir hikayemizin olmas\u0131n\u0131n ne kadar k\u0131ymetli oldu\u011funu biliyoruz. \u201cBa\u015fa\u011f\u0131n b\u00fcy\u00fcd\u00fck\u00e7e boynunu e\u011fmesi\u201d gibi, biz de b\u00fcy\u00fcd\u00fck\u00e7e olgunla\u015facak, kendimizi daha fazla geli\u015ftirmeye \u00e7al\u0131\u015facak, kendimizle rekabet edecek ve ustala\u015ft\u0131k\u00e7a i\u015fimizin daha fazla \u00e7\u0131ra\u011f\u0131 olaca\u011f\u0131z.<\/p><p>2024 y\u0131l\u0131nda da \u00fcretim ve ihracata odaklanarak \u00fclke ekonomimize sundu\u011fumuz katk\u0131y\u0131 art\u0131raca\u011f\u0131z. Planlad\u0131\u011f\u0131m\u0131z yat\u0131r\u0131mlar\u0131 devreye alacak, bir yandan global arenadaki varl\u0131\u011f\u0131m\u0131z\u0131 g\u00fc\u00e7lendirme y\u00f6n\u00fcndeki \u00e7al\u0131\u015fmalar\u0131m\u0131z\u0131n kapsam\u0131n\u0131, tedarik ve pazarlama a\u011f\u0131m\u0131z\u0131 geni\u015fletece\u011fiz. T\u00fcrkiye\u2019nin \u00f6nc\u00fc kurulu\u015flar\u0131ndan biri olarak ya\u015fad\u0131\u011f\u0131m\u0131z d\u00fcnyaya, \u00fclkemize, \u00e7al\u0131\u015fanlar\u0131m\u0131za ve payda\u015flar\u0131m\u0131za y\u00f6nelik fayda \u00fcretme ve teknolojiyi fayda yaratma sorumlulu\u011fumuzu devam ettirece\u011fiz.<\/p><p>Yak\u0131n zamanda yeni geli\u015fme ve kazan\u0131mlar\u0131m\u0131z\u0131 payla\u015fmak dileklerimle, hepinizi DEMA\u015e A.\u015e. ad\u0131na sayg\u0131yla selaml\u0131yorum.<\/p>\t\t\t\t\t\t<\/div>\n\t\t\t\t<\/div>\n\t\t\t\t<\/div>\n\t\t\t\t<\/div>\n\t\t<div class=\"elementor-element elementor-element-fc9ff5c e-con-full e-flex e-con e-parent\" data-id=\"fc9ff5c\" data-element_type=\"container\" data-settings=\"{&quot;content_width&quot;:&quot;full&quot;}\" data-core-v316-plus=\"true\">\n\t\t\t\t<div class=\"elementor-element elementor-element-21f5f3f elementor-widget__width-initial elementor-arrows-position-inside elementor-pagination-position-outside elementor-widget elementor-widget-image-carousel\" data-id=\"21f5f3f\" data-element_type=\"widget\" data-settings=\"{&quot;navigation&quot;:&quot;both&quot;,&quot;autoplay&quot;:&quot;yes&quot;,&quot;pause_on_hover&quot;:&quot;yes&quot;,&quot;pause_on_interaction&quot;:&quot;yes&quot;,&quot;autoplay_speed&quot;:5000,&quot;infinite&quot;:&quot;yes&quot;,&quot;speed&quot;:500}\" data-widget_type=\"image-carousel.default\">\n\t\t\t\t<div class=\"elementor-widget-container\">\n\t\t\t<style>\/*! elementor - v3.19.0 - 07-02-2024 *\/\n.elementor-widget-image-carousel .swiper,.elementor-widget-image-carousel .swiper-container{position:static}.elementor-widget-image-carousel .swiper-container .swiper-slide figure,.elementor-widget-image-carousel .swiper .swiper-slide figure{line-height:inherit}.elementor-widget-image-carousel .swiper-slide{text-align:center}.elementor-image-carousel-wrapper:not(.swiper-container-initialized):not(.swiper-initialized) .swiper-slide{max-width:calc(100% \/ var(--e-image-carousel-slides-to-show, 3))}<\/style>\t\t<div class=\"elementor-image-carousel-wrapper swiper\" dir=\"ltr\">\n\t\t\t<div class=\"elementor-image-carousel swiper-wrapper\" aria-live=\"off\">\n\t\t\t\t\t\t\t\t<div class=\"swiper-slide\" role=\"group\" aria-roledescription=\"slide\" aria-label=\"1 \/ 5\"><figure class=\"swiper-slide-inner\"><img decoding=\"async\" class=\"swiper-slide-image\" src=\"https:\/\/www.demasaltin.com\/wp-content\/uploads\/2023\/11\/iso-11.png\" alt=\"iso-11\" \/><\/figure><\/div><div class=\"swiper-slide\" role=\"group\" aria-roledescription=\"slide\" aria-label=\"2 \/ 5\"><figure class=\"swiper-slide-inner\"><img decoding=\"async\" class=\"swiper-slide-image\" src=\"https:\/\/www.demasaltin.com\/wp-content\/uploads\/2023\/11\/immib-11.png\" alt=\"immib-11\" \/><\/figure><\/div><div class=\"swiper-slide\" role=\"group\" aria-roledescription=\"slide\" aria-label=\"3 \/ 5\"><figure class=\"swiper-slide-inner\"><img decoding=\"async\" class=\"swiper-slide-image\" src=\"https:\/\/www.demasaltin.com\/wp-content\/uploads\/2023\/11\/borsa-istanbul-11.png\" alt=\"borsa-istanbul-11\" \/><\/figure><\/div><div class=\"swiper-slide\" role=\"group\" aria-roledescription=\"slide\" aria-label=\"4 \/ 5\"><figure class=\"swiper-slide-inner\"><img decoding=\"async\" class=\"swiper-slide-image\" src=\"https:\/\/www.demasaltin.com\/wp-content\/uploads\/2023\/12\/tim-300x100.png\" alt=\"tim\" \/><\/figure><\/div><div class=\"swiper-slide\" role=\"group\" aria-roledescription=\"slide\" aria-label=\"5 \/ 5\"><figure class=\"swiper-slide-inner\"><img decoding=\"async\" class=\"swiper-slide-image\" src=\"https:\/\/www.demasaltin.com\/wp-content\/uploads\/2023\/12\/Turkish-Jewellery-300x115.png\" alt=\"Turkish Jewellery\" \/><\/figure><\/div>\t\t\t<\/div>\n\t\t\t\t\t\t\t\t\t\t\t\t<div class=\"elementor-swiper-button elementor-swiper-button-prev\" role=\"button\" tabindex=\"0\">\n\t\t\t\t\t\t<svg aria-hidden=\"true\" class=\"e-font-icon-svg e-eicon-chevron-left\" viewBox=\"0 0 1000 1000\" xmlns=\"http:\/\/www.w3.org\/2000\/svg\"><path d=\"M646 125C629 125 613 133 604 142L308 442C296 454 292 471 292 487 292 504 296 521 308 533L604 854C617 867 629 875 646 875 663 875 679 871 692 858 704 846 713 829 713 812 713 796 708 779 692 767L438 487 692 225C700 217 708 204 708 187 708 171 704 154 692 142 675 129 663 125 646 125Z\"><\/path><\/svg>\t\t\t\t\t<\/div>\n\t\t\t\t\t<div class=\"elementor-swiper-button elementor-swiper-button-next\" role=\"button\" tabindex=\"0\">\n\t\t\t\t\t\t<svg aria-hidden=\"true\" class=\"e-font-icon-svg e-eicon-chevron-right\" viewBox=\"0 0 1000 1000\" xmlns=\"http:\/\/www.w3.org\/2000\/svg\"><path d=\"M696 533C708 521 713 504 713 487 713 471 708 454 696 446L400 146C388 133 375 125 354 125 338 125 325 129 313 142 300 154 292 171 292 187 292 204 296 221 308 233L563 492 304 771C292 783 288 800 288 817 288 833 296 850 308 863 321 871 338 875 354 875 371 875 388 867 400 854L696 533Z\"><\/path><\/svg>\t\t\t\t\t<\/div>\n\t\t\t\t\n\t\t\t\t\t\t\t\t\t<div class=\"swiper-pagination\"><\/div>\n\t\t\t\t\t\t\t\t\t<\/div>\n\t\t\t\t<\/div>\n\t\t\t\t<\/div>\n\t\t\t\t<\/div>\n\t\t\t\t<\/div>\n\t\t","protected":false},"excerpt":{"rendered":"<p>Ba\u015fkan\u0131n Mesaj\u0131 Menu Hakk\u0131m\u0131zda Ba\u015fkan\u0131n Mesaj\u0131 \u0130nsan Kaynaklar\u0131 Misyon,Vizyon ve De\u011ferler Tarih\u00e7e Bas\u0131nda Biz K\u0131ymetli \u0130\u015f Orta\u011f\u0131m\u0131z ve Sevgili \u00c7al\u0131\u015fma Arkada\u015flar\u0131m\u0131z, DEMA\u015e A.\u015e. olarak, K\u0131ymetli Madenler pazar\u0131nda geni\u015f bir alanda faaliyetlerimize devam etmekteyiz. Uluslararas\u0131 pazarda bilinen ve g\u00fcvenilen bir K\u0131ymetli Maden Tedarik\u00e7isi, geni\u015f bir \u00fcr\u00fcn yelpazesi olan bir \u00fcretici, d\u00fcnya pazar\u0131na bu \u00fcr\u00fcnleri eri\u015ftiren bir [&hellip;]<\/p>\n","protected":false},"author":1,"featured_media":0,"parent":0,"menu_order":0,"comment_status":"closed","ping_status":"closed","template":"","meta":{"_eb_attr":"","om_disable_all_campaigns":false,"footnotes":""},"class_list":["post-5391","page","type-page","status-publish","hentry"],"aioseo_notices":[],"_links":{"self":[{"href":"https:\/\/www.demasaltin.com\/tr\/wp-json\/wp\/v2\/pages\/5391","targetHints":{"allow":["GET"]}}],"collection":[{"href":"https:\/\/www.demasaltin.com\/tr\/wp-json\/wp\/v2\/pages"}],"about":[{"href":"https:\/\/www.demasaltin.com\/tr\/wp-json\/wp\/v2\/types\/page"}],"author":[{"embeddable":true,"href":"https:\/\/www.demasaltin.com\/tr\/wp-json\/wp\/v2\/users\/1"}],"replies":[{"embeddable":true,"href":"https:\/\/www.demasaltin.com\/tr\/wp-json\/wp\/v2\/comments?post=5391"}],"version-history":[{"count":37,"href":"https:\/\/www.demasaltin.com\/tr\/wp-json\/wp\/v2\/pages\/5391\/revisions"}],"predecessor-version":[{"id":6483,"href":"https:\/\/www.demasaltin.com\/tr\/wp-json\/wp\/v2\/pages\/5391\/revisions\/6483"}],"wp:attachment":[{"href":"https:\/\/www.demasaltin.com\/tr\/wp-json\/wp\/v2\/media?parent=5391"}],"curies":[{"name":"wp","href":"https:\/\/api.w.org\/{rel}","templated":true}]}}