{"id":489,"date":"2023-11-08T20:13:43","date_gmt":"2023-11-08T20:13:43","guid":{"rendered":"https:\/\/www.demasaltin.com\/?page_id=489"},"modified":"2025-07-01T13:06:05","modified_gmt":"2025-07-01T13:06:05","slug":"cerez-politikasi","status":"publish","type":"page","link":"https:\/\/www.demasaltin.com\/tr\/cerez-politikasi\/","title":{"rendered":"\u00c7erez Politikas\u0131"},"content":{"rendered":"\t\t<div data-elementor-type=\"wp-page\" data-elementor-id=\"489\" class=\"elementor elementor-489\" data-elementor-post-type=\"page\">\n\t\t\t\t<div class=\"elementor-element elementor-element-43509d2f e-flex e-con-boxed e-con e-parent\" data-id=\"43509d2f\" data-element_type=\"container\" data-settings=\"{&quot;background_background&quot;:&quot;classic&quot;,&quot;content_width&quot;:&quot;boxed&quot;}\" data-core-v316-plus=\"true\">\n\t\t\t\t\t<div class=\"e-con-inner\">\n\t\t\t\t<div class=\"elementor-element elementor-element-3ea6ab68 animated-slow elementor-invisible elementor-widget elementor-widget-heading\" data-id=\"3ea6ab68\" data-element_type=\"widget\" data-settings=\"{&quot;_animation&quot;:&quot;fadeInLeft&quot;}\" data-widget_type=\"heading.default\">\n\t\t\t\t<div class=\"elementor-widget-container\">\n\t\t\t<style>\/*! elementor - v3.19.0 - 07-02-2024 *\/\n.elementor-heading-title{padding:0;margin:0;line-height:1}.elementor-widget-heading .elementor-heading-title[class*=elementor-size-]>a{color:inherit;font-size:inherit;line-height:inherit}.elementor-widget-heading .elementor-heading-title.elementor-size-small{font-size:15px}.elementor-widget-heading .elementor-heading-title.elementor-size-medium{font-size:19px}.elementor-widget-heading .elementor-heading-title.elementor-size-large{font-size:29px}.elementor-widget-heading .elementor-heading-title.elementor-size-xl{font-size:39px}.elementor-widget-heading .elementor-heading-title.elementor-size-xxl{font-size:59px}<\/style><h2 class=\"elementor-heading-title elementor-size-large\">\u00c7EREZ POL\u0130T\u0130KASI<\/h2>\t\t<\/div>\n\t\t\t\t<\/div>\n\t\t\t\t\t<\/div>\n\t\t\t\t<\/div>\n\t\t<div class=\"elementor-element elementor-element-3d024616 e-flex e-con-boxed e-con e-parent\" data-id=\"3d024616\" data-element_type=\"container\" data-settings=\"{&quot;content_width&quot;:&quot;boxed&quot;}\" data-core-v316-plus=\"true\">\n\t\t\t\t\t<div class=\"e-con-inner\">\n\t\t<div class=\"elementor-element elementor-element-62f1896 e-con-full e-flex e-con e-child\" data-id=\"62f1896\" data-element_type=\"container\" data-settings=\"{&quot;content_width&quot;:&quot;full&quot;}\">\n\t\t\t\t<div class=\"elementor-element elementor-element-137eb08d elementor-widget elementor-widget-text-editor\" data-id=\"137eb08d\" data-element_type=\"widget\" data-widget_type=\"text-editor.default\">\n\t\t\t\t<div class=\"elementor-widget-container\">\n\t\t\t<style>\/*! elementor - v3.19.0 - 07-02-2024 *\/\n.elementor-widget-text-editor.elementor-drop-cap-view-stacked .elementor-drop-cap{background-color:#69727d;color:#fff}.elementor-widget-text-editor.elementor-drop-cap-view-framed .elementor-drop-cap{color:#69727d;border:3px solid;background-color:transparent}.elementor-widget-text-editor:not(.elementor-drop-cap-view-default) .elementor-drop-cap{margin-top:8px}.elementor-widget-text-editor:not(.elementor-drop-cap-view-default) .elementor-drop-cap-letter{width:1em;height:1em}.elementor-widget-text-editor .elementor-drop-cap{float:left;text-align:center;line-height:1;font-size:50px}.elementor-widget-text-editor .elementor-drop-cap-letter{display:inline-block}<\/style>\t\t\t\t<p>\u00a0<\/p><p><strong>\u00c7EREZ AYDINLATMA METN\u0130<\/strong><\/p><p><strong>\u00a0<\/strong><\/p><p>Bu metin, 6698 say\u0131l\u0131 Ki\u015fisel Verilerin Korunmas\u0131 Kanunu\u2019nun (\u201cKVKK\u201d) 10. maddesi ile <a href=\"https:\/\/www.mevzuat.gov.tr\/mevzuat?MevzuatNo=24454&amp;MevzuatTur=9&amp;MevzuatTertip=5\" target=\"_blank\" rel=\"noopener\">Ayd\u0131nlatma Y\u00fck\u00fcml\u00fcl\u00fc\u011f\u00fcn\u00fcn Yerine Getirilmesinde Uyulacak Usul ve Esaslar Hakk\u0131nda Tebli\u011f<\/a> kapsam\u0131nda veri sorumlusu s\u0131fat\u0131yla <strong>Dema\u015f Kuyumculuk \u0130hracat \u0130thalat Sanayi Ve Ticaret Anonim \u015eirketi (\u201c\u015eirket\u201d) <\/strong>taraf\u0131ndan haz\u0131rlanm\u0131\u015ft\u0131r. Bu \u00c7erez Ayd\u0131nlatma Metni\u2019nin amac\u0131, internet sitemizde kullan\u0131lan \u00e7erezlerin cihaz\u0131n\u0131za yerle\u015ftirilmesi arac\u0131l\u0131\u011f\u0131yla otomatik yolla elde edilen ki\u015fisel verilerin i\u015flenmesine ili\u015fkin olarak, hangi ama\u00e7larla hangi t\u00fcr \u00e7erezleri kulland\u0131\u011f\u0131m\u0131z, hukuki sebebi ve haklar\u0131n\u0131z hakk\u0131nda sizlere bilgi vermektir.<\/p><p><strong>\u00c7EREZ (\u201cCOOK\u0130E\u201d) NED\u0130R?<\/strong><\/p><p>\u00c7erezler, ziyaret etti\u011finiz internet siteleri\/uygulamalar taraf\u0131ndan taray\u0131c\u0131lar arac\u0131l\u0131\u011f\u0131yla bilgisayar\u0131n\u0131za (ya da ak\u0131ll\u0131 telefon veya tablet gibi di\u011fer cihazlar\u0131n\u0131za) kaydedilen ve genelde harf ve rakamlardan olu\u015fan \u00e7ok k\u00fc\u00e7\u00fck metin dosyalar\u0131d\u0131r. \u00c7erezler, ziyaret\u00e7ilere ili\u015fkin isim, cinsiyet veya adres gibi ki\u015fisel verileri i\u00e7ermezler.<\/p><p><strong>VER\u0130 SORUMLUSU \u00c7EREZLER\u0130 NASIL KULLANMAKTADIR?<\/strong><\/p><p><strong>\u00a0<\/strong><\/p><p>Veri Sorumlusu \u00e7erezleri;<\/p><ul><li><strong>\u0130nternet sitesinin \u00e7al\u0131\u015fmas\u0131 i\u00e7in gerekli temel fonksiyonlar\u0131 ger\u00e7ekle\u015ftirmek,<\/strong><\/li><\/ul><p><strong>\u00a0<\/strong><\/p><ul><li><strong>\u0130nternet sitesini analiz etmek ve \u0130nternet sitesinin performans\u0131n\u0131 artt\u0131rmak.<\/strong> \u00d6rne\u011fin, \u0130nternet sitesini ziyaret edenlerin say\u0131s\u0131n\u0131n tespit edilmesi ve buna g\u00f6re performans ayarlar\u0131n\u0131n yap\u0131lmas\u0131 ya da ziyaret\u00e7ilerin arad\u0131klar\u0131n\u0131 bulmalar\u0131n\u0131n kolayla\u015ft\u0131r\u0131lmas\u0131,<\/li><\/ul><ul><li><strong>\u0130nternet sitesinin i\u015flevselli\u011fini artt\u0131rmak ve kullan\u0131m kolayl\u0131\u011f\u0131 sa\u011flamak.<\/strong> \u00d6rne\u011fin, internet sitesini ziyaret eden ziyaret\u00e7inin daha sonraki ziyaretinde kullan\u0131c\u0131 ad\u0131 bilgisinin ya da arama sorgular\u0131n\u0131n hat\u0131rlanmas\u0131 veya internet sitesi \u00fczerinden \u00fc\u00e7\u00fcnc\u00fc taraf sosyal medya faaliyetlerine ba\u011flant\u0131 sa\u011flamak,<\/li><\/ul><ul><li><strong>Ki\u015fiselle\u015ftirme, hedefleme ve reklamc\u0131l\u0131k faaliyeti ger\u00e7ekle\u015ftirmek.<\/strong> \u00d6rne\u011fin, ziyaret\u00e7ilerin g\u00f6r\u00fcnt\u00fcledikleri sayfa ve \u00fcr\u00fcnler \u00fczerinden ziyaret\u00e7ilerin ilgi alanlar\u0131yla ilgili reklam g\u00f6sterilmesi,<\/li><\/ul><p>Ama\u00e7lar\u0131yla belirtilen hukuki sebeplerin varl\u0131\u011f\u0131 halinde i\u015flemektedir.<\/p><p><strong>\u00c7EREZ Y\u00d6NET\u0130M\u0130<\/strong><\/p><p><strong>\u00a0<\/strong><\/p><p>\u0130nternet taray\u0131c\u0131n\u0131z\u0131n \u00e7e\u015fidine g\u00f6re a\u015fa\u011f\u0131daki ad\u0131mlar\u0131 izleyerek, \u00e7erezler hakk\u0131nda bilgi edinip, izin verme veya reddetme hakk\u0131n\u0131z\u0131 kullanabilirsiniz:<\/p><ul><li>Google Chrome: Browser\u2019\u0131n\u0131z\u0131n \u201cadres b\u00f6l\u00fcm\u00fcnde\u201d yer alan, \u201ciki \u00e7izgi\u201d i\u015faretine t\u0131klayarak, \u201cCookie\u201d sekmesinden \u00e7erezlere izin verebilir veya bloke edebilirsiniz.<\/li><li>\u0130nternet Explorer (Microsoft Edge): Browser\u2019\u0131n\u0131z\u0131n sol \u00fcst k\u00f6\u015fesinde yer alan \u201cKilit\u201d i\u015faretinden veya sa\u011f \u00fcstte yer alan \u201cAyarlar\u201d B\u00f6l\u00fcm\u00fcnden \u201cGizlilik, arama ve hizmetler\u201d sekmesini t\u0131klay\u0131n ve \u201cizin ver\u201d veya \u201cizin verme\u201d \u015feklinde \u00e7erez y\u00f6netimizi ger\u00e7ekle\u015ftirebilirsiniz.<\/li><li>Mozilla Firefox: Browser\u2019\u0131n\u0131z\u0131n sa\u011f \u00fcst k\u00f6\u015fesinde yer alan \u201cmen\u00fcy\u00fc a\u00e7\u201d sekmesini t\u0131klay\u0131n\u0131z. \u201cSe\u00e7enekler\u201d g\u00f6rselini t\u0131klayarak \u201cGizlilik ve G\u00fcvenlik\u201d butonunu kullanarak \u00e7erez y\u00f6netiminizi yapabilirsiniz.<\/li><li>Di\u011fer browserlar i\u00e7in de (opera vb.), ilgili browser\u2019\u0131n yard\u0131m veya destek sayfalar\u0131n\u0131 inceleyebilirsiniz.<\/li><li>Safari: Telefonunuzun \u201cAyarlar\u201d b\u00f6l\u00fcm\u00fcnden \u201csafari\u201d sekmesini se\u00e7ip, \u201cGizlilik ve G\u00fcvenlik\u201d B\u00f6l\u00fcm\u00fcnden \u201cSiteler Aras\u0131 Takibi Engelle\u201d se\u00e7ene\u011fini aktif hale getirerek t\u00fcm \u00e7erez y\u00f6netiminizi sa\u011flayabilirsiniz.<\/li><li>Yukar\u0131daki se\u00e7eneklerin yan\u0131s\u0131ra; t\u00fcm \u00e7erezler hakk\u0131nda bilgi sahibi olmak ve \u00e7erez y\u00f6netimi i\u00e7in: <a href=\"https:\/\/www.allaboutcookies.org\" target=\"_blank\" rel=\"noopener\"><strong>https:\/\/www.allaboutcookies.org<\/strong><\/a>, <a href=\"https:\/\/www.youronlinechoices.eu\/\" target=\"_blank\" rel=\"noopener\"><strong>https:\/\/www.youronlinechoices.eu\/<\/strong><\/a> adresini ziyaret edebilirsiniz, veya &#8220;Privacy Badger&#8221; uygulamas\u0131n\u0131 kullanabilirsiniz (<a href=\"https:\/\/www.eff.org\/tr\/privacybadger\" target=\"_blank\" rel=\"noopener\"><strong>https:\/\/www.eff.org\/tr\/privacybadger<\/strong><\/a>)<\/li><li>Mobil uygulamalarda \u00e7erez veya SDK y\u00f6netimi i\u00e7in cihaz\u0131n\u0131z\u0131n Gizlilik veya Ayarlar B\u00f6l\u00fcm\u00fcnde yer alan y\u00f6nlendirmeleri takip edebilir veya Lumen Privacy Monitor\u2019\u00fc (<a href=\"https:\/\/haystack.mobi\" target=\"_blank\" rel=\"noopener\"><strong>https:\/\/haystack.mobi<\/strong><\/a>) telefonunuza indirerek kullanabilirsiniz.<\/li><\/ul><p>Kal\u0131c\u0131 \u00e7erezleri veya oturum \u00e7erezlerini reddederseniz, web sitesini ve mobil siteyi kullanmaya devam edebilirsiniz fakat web sitesinin ve mobil sitenin t\u00fcm i\u015flevlerine eri\u015femeyebilirsiniz veya eri\u015fiminiz s\u0131n\u0131rl\u0131 olabilir.<\/p><p><strong>\u00c7EREZ \u00c7E\u015e\u0130TLER\u0130<\/strong><\/p><p><strong>\u00a0<\/strong><\/p><p>Kullan\u0131m s\u00fcresine g\u00f6re \u00e7erez \u00e7e\u015fitleri: Veri Sorumlusu taraf\u0131ndan i\u015fletilen elektronik ticaret platformlar\u0131n\u0131n web ve mobil sitesinde kullan\u0131m s\u00fcrelerine g\u00f6re, oturum \u00e7erezleri ve kal\u0131c\u0131 \u00e7erezler kullanmaktad\u0131r. Oturum \u00e7erezi, taray\u0131c\u0131n\u0131z\u0131 kapatt\u0131\u011f\u0131n\u0131zda sona erer. Kal\u0131c\u0131 \u00e7erez ise sabit diskinizde uzun bir s\u00fcre veya s\u00fcresiz olarak kal\u0131r.<\/p><p>\u00c7erezin sahibi veya \u00e7erezi yerle\u015ftiren tarafa g\u00f6re \u00e7erez \u00e7e\u015fitleri: Veri Sorumlusu taraf\u0131ndan i\u015fletilen elektronik ticaret platformlar\u0131n\u0131n web ve mobil sitesinde yerle\u015ftiren tarafa g\u00f6re \u201cVeri Sorumlusu\u2019na ait \u00e7erezler (first party cookie)\u201d ve \u201c\u00fc\u00e7\u00fcnc\u00fc taraf (third party cookie) \u00e7erezler\u201d kullan\u0131lmaktad\u0131r. Veri Sorumlusu \u00e7erezleri, Veri Sorumlusu taraf\u0131ndan olu\u015fturulurken, \u00fc\u00e7\u00fcnc\u00fc taraf \u00e7erezleri ise i\u015f birli\u011fi yapt\u0131\u011f\u0131m\u0131z \u00fc\u00e7\u00fcnc\u00fc taraf firmalar taraf\u0131ndan y\u00f6netilmektedir.<\/p><p>Kullan\u0131m ama\u00e7lar\u0131na g\u00f6re \u00e7erez \u00e7e\u015fitleri: Veri Sorumlusu taraf\u0131ndan i\u015fletilen elektronik ticaret platformlar\u0131n\u0131n web ve mobil sitesinde kullan\u0131m amac\u0131na g\u00f6re; teknik \u00e7erezler, hedefleme\/reklam \u00e7erezleri, ki\u015fiselle\u015ftirme \u00e7erezleri ve analitik \u00e7erezler kullan\u0131lmaktad\u0131r.<\/p><table><tbody><tr><td width=\"301\"><p><strong>Oturum \u00c7erezleri<\/strong><\/p><\/td><td width=\"301\"><p>Oturum \u00e7erezleri ziyaret\u00e7ilerimizin Site\u2019yi ziyaretleri s\u00fcresince kullan\u0131lan, taray\u0131c\u0131 kapat\u0131ld\u0131ktan sonra silinen ge\u00e7ici \u00e7erezlerdir.<\/p><p>Bu t\u00fcr \u00e7erezlerin kullan\u0131lmas\u0131n\u0131n temel amac\u0131 ziyaretiniz s\u00fcresince Site\u2019nin d\u00fczg\u00fcn bir bi\u00e7imde \u00e7al\u0131\u015fmas\u0131n\u0131 sa\u011flamakt\u0131r.<\/p><p>\u00d6rne\u011fin; birden fazla sayfadan olu\u015fan \u00e7evrimi\u00e7i formlar\u0131 doldurman\u0131z\u0131n sa\u011flanmaktad\u0131r.<\/p><\/td><\/tr><tr><td width=\"301\"><p><strong>Kal\u0131c\u0131 \u00c7erezler<\/strong><\/p><\/td><td width=\"301\"><p>Kal\u0131c\u0131 \u00e7erezler Site\u2019nin i\u015flevselli\u011fini art\u0131rmak, ziyaret\u00e7ilerimize daha h\u0131zl\u0131 ve iyi bir hizmet sunmak amac\u0131yla kullan\u0131lan \u00e7erez t\u00fcrleridir. Bu t\u00fcr \u00e7erezler ziyaret\u00e7i tercihlerini hat\u0131rlamak i\u00e7in kullan\u0131l\u0131r ve taray\u0131c\u0131lar vas\u0131tas\u0131yla kullan\u0131lan cihazda depolan\u0131r.<\/p><p>Kal\u0131c\u0131 \u00e7erezlerin baz\u0131 t\u00fcrleri Site\u2019yi kullan\u0131m amac\u0131n\u0131z gibi hususlar g\u00f6z \u00f6n\u00fcnde bulundurarak sizlere \u00f6zel \u00f6neriler sunulmas\u0131 i\u00e7in kullan\u0131labilmektedir.<\/p><p>Kal\u0131c\u0131 \u00e7erezler sayesinde Site, ayn\u0131 cihazla tekrardan ziyaret etmeniz durumunda, cihaz\u0131n\u0131zda Site taraf\u0131ndan olu\u015fturulmu\u015f bir \u00e7erez olup olmad\u0131\u011f\u0131 kontrol edilir ve var ise, sizin siteyi daha \u00f6nce ziyaret etti\u011finiz anla\u015f\u0131l\u0131r ve size iletilecek i\u00e7erik bu do\u011frultuda belirlenir ve b\u00f6ylelikle sizlere daha iyi bir hizmet sunulur.<\/p><\/td><\/tr><tr><td width=\"301\"><p><strong>Teknik \u00c7erezler<\/strong><\/p><\/td><td width=\"301\"><p>Teknik \u00e7erezler ile Site\u2019nin \u00e7al\u0131\u015fmas\u0131 sa\u011flanmakta, internet sitesinin \u00e7al\u0131\u015fmayan sayfalar\u0131 ve alanlar\u0131 tespit edilmektedir.<\/p><\/td><\/tr><tr><td width=\"301\"><p><strong>Hedefleme\/Reklam \u00c7erezleri<\/strong><\/p><\/td><td width=\"301\"><p>Site\u2019de kullan\u0131c\u0131lara sunulan reklamlar\u0131 \u00f6zelle\u015ftirmek ve zaten g\u00f6r\u00fcnt\u00fclenmi\u015f reklamlar\u0131n tekrar g\u00f6sterilmesini engellemek i\u00e7in kullan\u0131lan \u00e7erez t\u00fcrleridir.<\/p><\/td><\/tr><tr><td width=\"301\"><p><strong>Ki\u015fiselle\u015ftirme \u00c7erezleri<\/strong><\/p><\/td><td width=\"301\"><p>Kullan\u0131c\u0131lar\u0131n tercihlerini farkl\u0131 Site sayfalar\u0131n\u0131 ziyarette de hat\u0131rlamak i\u00e7in kullan\u0131lan \u00e7erezlerdir. \u00d6rne\u011fin, se\u00e7mi\u015f oldu\u011funuz dil tercihinizin hat\u0131rlanmas\u0131.<\/p><\/td><\/tr><tr><td width=\"301\"><p><strong>Analitik \u00c7erezler<\/strong><\/p><\/td><td width=\"301\"><p>Analitik \u00e7erezler ile Site\u2019yi ziyaret edenlerin say\u0131lar\u0131, Site\u2019de g\u00f6r\u00fcnt\u00fclenen sayfalar\u0131n tespiti, Site ziyaret saatleri, Site sayfalar\u0131 kayd\u0131rma hareketleri gibi analitik sonu\u00e7lar\u0131n \u00fcretimini sa\u011flayan \u00e7erezlerdir.<\/p><\/td><\/tr><\/tbody><\/table><p>Veri Sorumlusu\u2019nun web sitesinde yer alan \u00e7erezlere ili\u015fkin bilgiler a\u015fa\u011f\u0131daki tablolarda yer almaktad\u0131r:<\/p><table width=\"651\"><tbody><tr><td width=\"284\"><p><strong>\u00c7erez Hizmet Sa\u011flay\u0131c\u0131<\/strong><\/p><\/td><td width=\"160\"><p><strong>\u00c7erez \u0130smi<\/strong><\/p><\/td><td width=\"74\"><p><strong>\u00c7erezin Kullan\u0131m Amac\u0131<\/strong><\/p><\/td><td width=\"52\"><p><strong>\u00c7erez Tipi<\/strong><\/p><\/td><td width=\"80\"><p><strong>\u00c7erez S\u00fcresi<\/strong><\/p><\/td><\/tr><\/tbody><\/table><p><strong>\u00a0<\/strong><\/p><p><strong>\u0130lgili Ki\u015fi Olarak KVKK Kapsam\u0131ndaki Haklar\u0131n\u0131zla \u0130lgili Bilgilendirme <\/strong><\/p><p>\u0130lgili ki\u015fi olarak, KVKK\u2019n\u0131n ilgili ki\u015finin haklar\u0131n\u0131 d\u00fczenleyen 11. maddesi kapsam\u0131ndaki taleplerinizi <a href=\"https:\/\/www.mevzuat.gov.tr\/mevzuat?MevzuatNo=24455&amp;MevzuatTur=9&amp;MevzuatTertip=5\">Veri Sorumlusuna Ba\u015fvuru Usul ve Esaslar\u0131 Hakk\u0131nda Tebli\u011f<\/a>\u2019e g\u00f6re Yenibosna Merkez Mahallesi, Ladin Sokak Kuyumcukent AVM Zemin Kat No:289 Bah\u00e7elievler \u0130stanbul T\u00dcRK\u0130YE, 34197 adresine yaz\u0131l\u0131 olarak iletebilir veya , <a href=\"mailto:info@demasaltin.com\">info@demasaltin.com<\/a> e-posta adresine e-posta yoluyla veya demaskuyumculuk@hs01.kep.tr kay\u0131tl\u0131 elektronik posta (KEP) adresine iletebilirsiniz.<\/p>\t\t\t\t\t\t<\/div>\n\t\t\t\t<\/div>\n\t\t\t\t<\/div>\n\t\t\t\t\t<\/div>\n\t\t\t\t<\/div>\n\t\t\t\t<\/div>\n\t\t","protected":false},"excerpt":{"rendered":"<p>\u00c7EREZ POL\u0130T\u0130KASI \u00a0 \u00c7EREZ AYDINLATMA METN\u0130 \u00a0 Bu metin, 6698 say\u0131l\u0131 Ki\u015fisel Verilerin Korunmas\u0131 Kanunu\u2019nun (\u201cKVKK\u201d) 10. maddesi ile Ayd\u0131nlatma Y\u00fck\u00fcml\u00fcl\u00fc\u011f\u00fcn\u00fcn Yerine Getirilmesinde Uyulacak Usul ve Esaslar Hakk\u0131nda Tebli\u011f kapsam\u0131nda veri sorumlusu s\u0131fat\u0131yla Dema\u015f Kuyumculuk \u0130hracat \u0130thalat Sanayi Ve Ticaret Anonim \u015eirketi (\u201c\u015eirket\u201d) taraf\u0131ndan haz\u0131rlanm\u0131\u015ft\u0131r. Bu \u00c7erez Ayd\u0131nlatma Metni\u2019nin amac\u0131, internet sitemizde kullan\u0131lan \u00e7erezlerin cihaz\u0131n\u0131za [&hellip;]<\/p>\n","protected":false},"author":1,"featured_media":0,"parent":0,"menu_order":0,"comment_status":"closed","ping_status":"closed","template":"","meta":{"_eb_attr":"","om_disable_all_campaigns":false,"footnotes":""},"class_list":["post-489","page","type-page","status-publish","hentry"],"aioseo_notices":[],"_links":{"self":[{"href":"https:\/\/www.demasaltin.com\/tr\/wp-json\/wp\/v2\/pages\/489","targetHints":{"allow":["GET"]}}],"collection":[{"href":"https:\/\/www.demasaltin.com\/tr\/wp-json\/wp\/v2\/pages"}],"about":[{"href":"https:\/\/www.demasaltin.com\/tr\/wp-json\/wp\/v2\/types\/page"}],"author":[{"embeddable":true,"href":"https:\/\/www.demasaltin.com\/tr\/wp-json\/wp\/v2\/users\/1"}],"replies":[{"embeddable":true,"href":"https:\/\/www.demasaltin.com\/tr\/wp-json\/wp\/v2\/comments?post=489"}],"version-history":[{"count":14,"href":"https:\/\/www.demasaltin.com\/tr\/wp-json\/wp\/v2\/pages\/489\/revisions"}],"predecessor-version":[{"id":6262,"href":"https:\/\/www.demasaltin.com\/tr\/wp-json\/wp\/v2\/pages\/489\/revisions\/6262"}],"wp:attachment":[{"href":"https:\/\/www.demasaltin.com\/tr\/wp-json\/wp\/v2\/media?parent=489"}],"curies":[{"name":"wp","href":"https:\/\/api.w.org\/{rel}","templated":true}]}}