{"id":3240,"date":"2023-12-15T11:23:20","date_gmt":"2023-12-15T11:23:20","guid":{"rendered":"https:\/\/www.demasaltin.com\/?page_id=3240"},"modified":"2023-12-29T07:34:56","modified_gmt":"2023-12-29T07:34:56","slug":"uyum-programi","status":"publish","type":"page","link":"https:\/\/www.demasaltin.com\/tr\/uyum-programi\/","title":{"rendered":"Uyum Program\u0131"},"content":{"rendered":"\t\t<div data-elementor-type=\"wp-page\" data-elementor-id=\"3240\" class=\"elementor elementor-3240\" data-elementor-post-type=\"page\">\n\t\t\t\t<div class=\"elementor-element elementor-element-4a14d162 e-flex e-con-boxed e-con e-parent\" data-id=\"4a14d162\" data-element_type=\"container\" data-settings=\"{&quot;background_background&quot;:&quot;classic&quot;,&quot;content_width&quot;:&quot;boxed&quot;}\" data-core-v316-plus=\"true\">\n\t\t\t\t\t<div class=\"e-con-inner\">\n\t\t\t\t<div class=\"elementor-element elementor-element-36b8df99 animated-slow elementor-invisible elementor-widget elementor-widget-heading\" data-id=\"36b8df99\" data-element_type=\"widget\" data-settings=\"{&quot;_animation&quot;:&quot;fadeInLeft&quot;}\" data-widget_type=\"heading.default\">\n\t\t\t\t<div class=\"elementor-widget-container\">\n\t\t\t<style>\/*! elementor - v3.19.0 - 07-02-2024 *\/\n.elementor-heading-title{padding:0;margin:0;line-height:1}.elementor-widget-heading .elementor-heading-title[class*=elementor-size-]>a{color:inherit;font-size:inherit;line-height:inherit}.elementor-widget-heading .elementor-heading-title.elementor-size-small{font-size:15px}.elementor-widget-heading .elementor-heading-title.elementor-size-medium{font-size:19px}.elementor-widget-heading .elementor-heading-title.elementor-size-large{font-size:29px}.elementor-widget-heading .elementor-heading-title.elementor-size-xl{font-size:39px}.elementor-widget-heading .elementor-heading-title.elementor-size-xxl{font-size:59px}<\/style><h2 class=\"elementor-heading-title elementor-size-large\">Uyum Program\u0131<\/h2>\t\t<\/div>\n\t\t\t\t<\/div>\n\t\t\t\t\t<\/div>\n\t\t\t\t<\/div>\n\t\t<div class=\"elementor-element elementor-element-2bd7712 e-con-full e-flex e-con e-parent\" data-id=\"2bd7712\" data-element_type=\"container\" data-settings=\"{&quot;content_width&quot;:&quot;full&quot;}\" data-core-v316-plus=\"true\">\n\t\t<div class=\"elementor-element elementor-element-824023b e-con-full e-flex e-con e-child\" data-id=\"824023b\" data-element_type=\"container\" data-settings=\"{&quot;content_width&quot;:&quot;full&quot;}\">\n\t\t\t\t<div class=\"elementor-element elementor-element-cd6d274 elementor-nav-menu__align-start elementor-nav-menu--dropdown-tablet elementor-nav-menu__text-align-aside elementor-nav-menu--toggle elementor-nav-menu--burger elementor-widget elementor-widget-nav-menu\" data-id=\"cd6d274\" data-element_type=\"widget\" data-settings=\"{&quot;layout&quot;:&quot;vertical&quot;,&quot;submenu_icon&quot;:{&quot;value&quot;:&quot;&lt;svg class=\\&quot;e-font-icon-svg e-fas-caret-down\\&quot; viewBox=\\&quot;0 0 320 512\\&quot; xmlns=\\&quot;http:\\\/\\\/www.w3.org\\\/2000\\\/svg\\&quot;&gt;&lt;path d=\\&quot;M31.3 192h257.3c17.8 0 26.7 21.5 14.1 34.1L174.1 354.8c-7.8 7.8-20.5 7.8-28.3 0L17.2 226.1C4.6 213.5 13.5 192 31.3 192z\\&quot;&gt;&lt;\\\/path&gt;&lt;\\\/svg&gt;&quot;,&quot;library&quot;:&quot;fa-solid&quot;},&quot;toggle&quot;:&quot;burger&quot;}\" data-widget_type=\"nav-menu.default\">\n\t\t\t\t<div class=\"elementor-widget-container\">\n\t\t\t<link rel=\"stylesheet\" href=\"https:\/\/www.demasaltin.com\/wp-content\/plugins\/elementor-pro\/assets\/css\/widget-nav-menu.min.css\">\t\t\t<nav class=\"elementor-nav-menu--main elementor-nav-menu__container elementor-nav-menu--layout-vertical e--pointer-none\">\n\t\t\t\t<ul id=\"menu-1-cd6d274\" class=\"elementor-nav-menu sm-vertical\"><li class=\"menu-item menu-item-type-custom menu-item-object-custom menu-item-3138\"><a href=\"https:\/\/www.demasaltin.com\/uyum\/\" class=\"elementor-item\">Uyum<\/a><\/li>\n<li class=\"menu-item menu-item-type-custom menu-item-object-custom menu-item-3140\"><a href=\"https:\/\/www.demasaltin.com\/demas-a-s-uyum-politikasi\/\" class=\"elementor-item\">Dema\u015f A.\u015e Uyum Politikas\u0131<\/a><\/li>\n<li class=\"menu-item menu-item-type-custom menu-item-object-custom menu-item-3141\"><a href=\"https:\/\/www.demasaltin.com\/uyum-programi\/\" class=\"elementor-item\">Uyum Program\u0131<\/a><\/li>\n<li class=\"menu-item menu-item-type-custom menu-item-object-custom menu-item-3142\"><a href=\"https:\/\/www.demasaltin.com\/yasal-uyumluluk\/\" class=\"elementor-item\">Yasal Uyumluluk<\/a><\/li>\n<\/ul>\t\t\t<\/nav>\n\t\t\t\t\t<div class=\"elementor-menu-toggle\" role=\"button\" tabindex=\"0\" aria-label=\"Menu Toggle\" aria-expanded=\"false\">\n\t\t\t<svg aria-hidden=\"true\" role=\"presentation\" class=\"elementor-menu-toggle__icon--open e-font-icon-svg e-eicon-menu-bar\" viewBox=\"0 0 1000 1000\" xmlns=\"http:\/\/www.w3.org\/2000\/svg\"><path d=\"M104 333H896C929 333 958 304 958 271S929 208 896 208H104C71 208 42 237 42 271S71 333 104 333ZM104 583H896C929 583 958 554 958 521S929 458 896 458H104C71 458 42 487 42 521S71 583 104 583ZM104 833H896C929 833 958 804 958 771S929 708 896 708H104C71 708 42 737 42 771S71 833 104 833Z\"><\/path><\/svg><svg aria-hidden=\"true\" role=\"presentation\" class=\"elementor-menu-toggle__icon--close e-font-icon-svg e-eicon-close\" viewBox=\"0 0 1000 1000\" xmlns=\"http:\/\/www.w3.org\/2000\/svg\"><path d=\"M742 167L500 408 258 167C246 154 233 150 217 150 196 150 179 158 167 167 154 179 150 196 150 212 150 229 154 242 171 254L408 500 167 742C138 771 138 800 167 829 196 858 225 858 254 829L496 587 738 829C750 842 767 846 783 846 800 846 817 842 829 829 842 817 846 804 846 783 846 767 842 750 829 737L588 500 833 258C863 229 863 200 833 171 804 137 775 137 742 167Z\"><\/path><\/svg>\t\t\t<span class=\"elementor-screen-only\">Men\u00fc<\/span>\n\t\t<\/div>\n\t\t\t\t\t<nav class=\"elementor-nav-menu--dropdown elementor-nav-menu__container\" aria-hidden=\"true\">\n\t\t\t\t<ul id=\"menu-2-cd6d274\" class=\"elementor-nav-menu sm-vertical\"><li class=\"menu-item menu-item-type-custom menu-item-object-custom menu-item-3138\"><a href=\"https:\/\/www.demasaltin.com\/uyum\/\" class=\"elementor-item\" tabindex=\"-1\">Uyum<\/a><\/li>\n<li class=\"menu-item menu-item-type-custom menu-item-object-custom menu-item-3140\"><a href=\"https:\/\/www.demasaltin.com\/demas-a-s-uyum-politikasi\/\" class=\"elementor-item\" tabindex=\"-1\">Dema\u015f A.\u015e Uyum Politikas\u0131<\/a><\/li>\n<li class=\"menu-item menu-item-type-custom menu-item-object-custom menu-item-3141\"><a href=\"https:\/\/www.demasaltin.com\/uyum-programi\/\" class=\"elementor-item\" tabindex=\"-1\">Uyum Program\u0131<\/a><\/li>\n<li class=\"menu-item menu-item-type-custom menu-item-object-custom menu-item-3142\"><a href=\"https:\/\/www.demasaltin.com\/yasal-uyumluluk\/\" class=\"elementor-item\" tabindex=\"-1\">Yasal Uyumluluk<\/a><\/li>\n<\/ul>\t\t\t<\/nav>\n\t\t\t\t<\/div>\n\t\t\t\t<\/div>\n\t\t\t\t<\/div>\n\t\t<div class=\"elementor-element elementor-element-fedf7ea e-con-full e-flex e-con e-child\" data-id=\"fedf7ea\" data-element_type=\"container\" data-settings=\"{&quot;content_width&quot;:&quot;full&quot;}\">\n\t\t\t\t<div class=\"elementor-element elementor-element-0d16c71 elementor-widget elementor-widget-heading\" data-id=\"0d16c71\" data-element_type=\"widget\" data-widget_type=\"heading.default\">\n\t\t\t\t<div class=\"elementor-widget-container\">\n\t\t\t<h2 class=\"elementor-heading-title elementor-size-default\">UYUM PROGRAMI<\/h2>\t\t<\/div>\n\t\t\t\t<\/div>\n\t\t\t\t<div class=\"elementor-element elementor-element-85dd1ee elementor-widget elementor-widget-text-editor\" data-id=\"85dd1ee\" data-element_type=\"widget\" data-widget_type=\"text-editor.default\">\n\t\t\t\t<div class=\"elementor-widget-container\">\n\t\t\t<style>\/*! elementor - v3.19.0 - 07-02-2024 *\/\n.elementor-widget-text-editor.elementor-drop-cap-view-stacked .elementor-drop-cap{background-color:#69727d;color:#fff}.elementor-widget-text-editor.elementor-drop-cap-view-framed .elementor-drop-cap{color:#69727d;border:3px solid;background-color:transparent}.elementor-widget-text-editor:not(.elementor-drop-cap-view-default) .elementor-drop-cap{margin-top:8px}.elementor-widget-text-editor:not(.elementor-drop-cap-view-default) .elementor-drop-cap-letter{width:1em;height:1em}.elementor-widget-text-editor .elementor-drop-cap{float:left;text-align:center;line-height:1;font-size:50px}.elementor-widget-text-editor .elementor-drop-cap-letter{display:inline-block}<\/style>\t\t\t\t<p>DEMA\u015e A.\u015e., payda\u015flar\u0131yla olan ili\u015fkilerinde \u015feffafl\u0131k, adalet ve hesap verebilirlik prensiplerine ba\u011fl\u0131 kalmaktad\u0131r. \u0130lgili yasalara ve s\u00f6zle\u015fmelere uyum sa\u011flar ve etik prensipler \u00e7er\u00e7evesinde faaliyet g\u00f6sterir. Farkl\u0131 i\u015f alanlar\u0131n\u0131n ve yerel ve uluslararas\u0131 payda\u015flar\u0131n beklentilerini kar\u015f\u0131lamak i\u00e7in kapsaml\u0131 bir &#8220;Uyum Projesi&#8221; uygulanmaktad\u0131r.<\/p><p>Proje sonu\u00e7lar\u0131na dayanarak, k\u00fcresel en iyi uygulamalar\u0131 inceleyerek ilgili politikalar g\u00f6zden ge\u00e7irilmi\u015f ve Y\u00f6netim Kurulu&#8217;nun onay\u0131yla Uyum Program\u0131 ba\u015flat\u0131lm\u0131\u015ft\u0131r. Uyum Program\u0131, risk temelli bir yakla\u015f\u0131m kullanarak uyum konular\u0131n\u0131 belirlemeyi ve ele almaya y\u00f6nelik kurallar, politikalar ve prosed\u00fcrlerden olu\u015fur. \u00dcst y\u00f6netimin deste\u011fi ve Uyum Departman\u0131 taraf\u0131ndan y\u00fcr\u00fct\u00fclen faaliyetler \u00e7er\u00e7evesinde, kurumsal bir uyum k\u00fclt\u00fcr\u00fcn\u00fc te\u015fvik eder. Program, uluslararas\u0131 kabul g\u00f6rm\u00fc\u015f standartlar\u0131 i\u00e7erir ve t\u00fcm \u00e7al\u0131\u015fanlar\u0131 kapsar. \u00d6nleme, tespit etme ve yan\u0131t verme ana unsurlar\u0131d\u0131r.<\/p><p>Uyum program\u0131, aklama ve ter\u00f6rizmin finansman\u0131 su\u00e7lar\u0131 ile m\u00fccadele kapsam\u0131nda, kurum politikas\u0131 ve prosed\u00fcrlerinin olu\u015fturulmas\u0131, risk y\u00f6netim faaliyetleri ile izleme\/kontrol faaliyetlerinin y\u00fcr\u00fct\u00fclmesi ve i\u00e7 denetim ger\u00e7ekle\u015ftirilmesi gibi tedbirler sayesinde, payda\u015flar ve \u00e7al\u0131\u015fanlar i\u00e7in kapsaml\u0131 bir \u00e7er\u00e7eve olu\u015fturur.<\/p>\t\t\t\t\t\t<\/div>\n\t\t\t\t<\/div>\n\t\t\t\t<\/div>\n\t\t\t\t<\/div>\n\t\t<div class=\"elementor-element elementor-element-18a03976 e-con-full e-flex e-con e-parent\" data-id=\"18a03976\" data-element_type=\"container\" data-settings=\"{&quot;content_width&quot;:&quot;full&quot;}\" data-core-v316-plus=\"true\">\n\t\t\t\t<div class=\"elementor-element elementor-element-2575f85f elementor-widget__width-initial elementor-arrows-position-inside elementor-pagination-position-outside elementor-widget elementor-widget-image-carousel\" data-id=\"2575f85f\" data-element_type=\"widget\" data-settings=\"{&quot;navigation&quot;:&quot;both&quot;,&quot;autoplay&quot;:&quot;yes&quot;,&quot;pause_on_hover&quot;:&quot;yes&quot;,&quot;pause_on_interaction&quot;:&quot;yes&quot;,&quot;autoplay_speed&quot;:5000,&quot;infinite&quot;:&quot;yes&quot;,&quot;speed&quot;:500}\" data-widget_type=\"image-carousel.default\">\n\t\t\t\t<div class=\"elementor-widget-container\">\n\t\t\t<style>\/*! elementor - v3.19.0 - 07-02-2024 *\/\n.elementor-widget-image-carousel .swiper,.elementor-widget-image-carousel .swiper-container{position:static}.elementor-widget-image-carousel .swiper-container .swiper-slide figure,.elementor-widget-image-carousel .swiper .swiper-slide figure{line-height:inherit}.elementor-widget-image-carousel .swiper-slide{text-align:center}.elementor-image-carousel-wrapper:not(.swiper-container-initialized):not(.swiper-initialized) .swiper-slide{max-width:calc(100% \/ var(--e-image-carousel-slides-to-show, 3))}<\/style>\t\t<div class=\"elementor-image-carousel-wrapper swiper\" dir=\"ltr\">\n\t\t\t<div class=\"elementor-image-carousel swiper-wrapper\" aria-live=\"off\">\n\t\t\t\t\t\t\t\t<div class=\"swiper-slide\" role=\"group\" aria-roledescription=\"slide\" aria-label=\"1 \/ 3\"><figure class=\"swiper-slide-inner\"><img decoding=\"async\" class=\"swiper-slide-image\" src=\"https:\/\/www.demasaltin.com\/wp-content\/uploads\/2023\/11\/iso-11.png\" alt=\"iso-11\" \/><\/figure><\/div><div class=\"swiper-slide\" role=\"group\" aria-roledescription=\"slide\" aria-label=\"2 \/ 3\"><figure class=\"swiper-slide-inner\"><img decoding=\"async\" class=\"swiper-slide-image\" src=\"https:\/\/www.demasaltin.com\/wp-content\/uploads\/2023\/11\/immib-11.png\" alt=\"immib-11\" \/><\/figure><\/div><div class=\"swiper-slide\" role=\"group\" aria-roledescription=\"slide\" aria-label=\"3 \/ 3\"><figure class=\"swiper-slide-inner\"><img decoding=\"async\" class=\"swiper-slide-image\" src=\"https:\/\/www.demasaltin.com\/wp-content\/uploads\/2023\/11\/borsa-istanbul-11.png\" alt=\"borsa-istanbul-11\" \/><\/figure><\/div>\t\t\t<\/div>\n\t\t\t\t\t\t\t\t\t\t\t\t<div class=\"elementor-swiper-button elementor-swiper-button-prev\" role=\"button\" tabindex=\"0\">\n\t\t\t\t\t\t<svg aria-hidden=\"true\" class=\"e-font-icon-svg e-eicon-chevron-left\" viewBox=\"0 0 1000 1000\" xmlns=\"http:\/\/www.w3.org\/2000\/svg\"><path d=\"M646 125C629 125 613 133 604 142L308 442C296 454 292 471 292 487 292 504 296 521 308 533L604 854C617 867 629 875 646 875 663 875 679 871 692 858 704 846 713 829 713 812 713 796 708 779 692 767L438 487 692 225C700 217 708 204 708 187 708 171 704 154 692 142 675 129 663 125 646 125Z\"><\/path><\/svg>\t\t\t\t\t<\/div>\n\t\t\t\t\t<div class=\"elementor-swiper-button elementor-swiper-button-next\" role=\"button\" tabindex=\"0\">\n\t\t\t\t\t\t<svg aria-hidden=\"true\" class=\"e-font-icon-svg e-eicon-chevron-right\" viewBox=\"0 0 1000 1000\" xmlns=\"http:\/\/www.w3.org\/2000\/svg\"><path d=\"M696 533C708 521 713 504 713 487 713 471 708 454 696 446L400 146C388 133 375 125 354 125 338 125 325 129 313 142 300 154 292 171 292 187 292 204 296 221 308 233L563 492 304 771C292 783 288 800 288 817 288 833 296 850 308 863 321 871 338 875 354 875 371 875 388 867 400 854L696 533Z\"><\/path><\/svg>\t\t\t\t\t<\/div>\n\t\t\t\t\n\t\t\t\t\t\t\t\t\t<div class=\"swiper-pagination\"><\/div>\n\t\t\t\t\t\t\t\t\t<\/div>\n\t\t\t\t<\/div>\n\t\t\t\t<\/div>\n\t\t\t\t<\/div>\n\t\t\t\t<\/div>\n\t\t","protected":false},"excerpt":{"rendered":"<p>Uyum Program\u0131 UYUM PROGRAMI DEMA\u015e A.\u015e., payda\u015flar\u0131yla olan ili\u015fkilerinde \u015feffafl\u0131k, adalet ve hesap verebilirlik prensiplerine ba\u011fl\u0131 kalmaktad\u0131r. \u0130lgili yasalara ve s\u00f6zle\u015fmelere uyum sa\u011flar ve etik prensipler \u00e7er\u00e7evesinde faaliyet g\u00f6sterir. Farkl\u0131 i\u015f alanlar\u0131n\u0131n ve yerel ve uluslararas\u0131 payda\u015flar\u0131n beklentilerini kar\u015f\u0131lamak i\u00e7in kapsaml\u0131 bir &#8220;Uyum Projesi&#8221; uygulanmaktad\u0131r. Proje sonu\u00e7lar\u0131na dayanarak, k\u00fcresel en iyi uygulamalar\u0131 inceleyerek ilgili politikalar [&hellip;]<\/p>\n","protected":false},"author":1,"featured_media":0,"parent":0,"menu_order":0,"comment_status":"closed","ping_status":"closed","template":"","meta":{"_eb_attr":"","om_disable_all_campaigns":false,"footnotes":""},"class_list":["post-3240","page","type-page","status-publish","hentry"],"aioseo_notices":[],"_links":{"self":[{"href":"https:\/\/www.demasaltin.com\/tr\/wp-json\/wp\/v2\/pages\/3240","targetHints":{"allow":["GET"]}}],"collection":[{"href":"https:\/\/www.demasaltin.com\/tr\/wp-json\/wp\/v2\/pages"}],"about":[{"href":"https:\/\/www.demasaltin.com\/tr\/wp-json\/wp\/v2\/types\/page"}],"author":[{"embeddable":true,"href":"https:\/\/www.demasaltin.com\/tr\/wp-json\/wp\/v2\/users\/1"}],"replies":[{"embeddable":true,"href":"https:\/\/www.demasaltin.com\/tr\/wp-json\/wp\/v2\/comments?post=3240"}],"version-history":[{"count":32,"href":"https:\/\/www.demasaltin.com\/tr\/wp-json\/wp\/v2\/pages\/3240\/revisions"}],"predecessor-version":[{"id":4915,"href":"https:\/\/www.demasaltin.com\/tr\/wp-json\/wp\/v2\/pages\/3240\/revisions\/4915"}],"wp:attachment":[{"href":"https:\/\/www.demasaltin.com\/tr\/wp-json\/wp\/v2\/media?parent=3240"}],"curies":[{"name":"wp","href":"https:\/\/api.w.org\/{rel}","templated":true}]}}