{"id":5396,"date":"2024-01-29T21:22:03","date_gmt":"2024-01-29T21:22:03","guid":{"rendered":"https:\/\/www.demasaltin.com\/?page_id=5396"},"modified":"2025-07-31T07:45:45","modified_gmt":"2025-07-31T07:45:45","slug":"insan-kaynaklari","status":"publish","type":"page","link":"https:\/\/www.demasaltin.com\/en\/insan-kaynaklari\/","title":{"rendered":"Human Resources"},"content":{"rendered":"<div data-elementor-type=\"wp-page\" data-elementor-id=\"5396\" class=\"elementor elementor-5396\" data-elementor-post-type=\"page\">\n\t\t\t\t<div class=\"elementor-element elementor-element-916f337 e-flex e-con-boxed e-con e-parent\" data-id=\"916f337\" data-element_type=\"container\" data-settings=\"{&quot;background_background&quot;:&quot;classic&quot;,&quot;content_width&quot;:&quot;boxed&quot;}\" data-core-v316-plus=\"true\">\n\t\t\t\t\t<div class=\"e-con-inner\">\n\t\t\t\t<div class=\"elementor-element elementor-element-5e0d9a9c animated-slow elementor-invisible elementor-widget elementor-widget-heading\" data-id=\"5e0d9a9c\" data-element_type=\"widget\" data-settings=\"{&quot;_animation&quot;:&quot;fadeInLeft&quot;}\" data-widget_type=\"heading.default\">\n\t\t\t\t<div class=\"elementor-widget-container\">\n\t\t\t<style>\/*! elementor - v3.19.0 - 07-02-2024 *\/\n.elementor-heading-title{padding:0;margin:0;line-height:1}.elementor-widget-heading .elementor-heading-title[class*=elementor-size-]>a{color:inherit;font-size:inherit;line-height:inherit}.elementor-widget-heading .elementor-heading-title.elementor-size-small{font-size:15px}.elementor-widget-heading .elementor-heading-title.elementor-size-medium{font-size:19px}.elementor-widget-heading .elementor-heading-title.elementor-size-large{font-size:29px}.elementor-widget-heading .elementor-heading-title.elementor-size-xl{font-size:39px}.elementor-widget-heading .elementor-heading-title.elementor-size-xxl{font-size:59px}<\/style><h2 class=\"elementor-heading-title elementor-size-large\">Human Resources<\/h2>\t\t<\/div>\n\t\t\t\t<\/div>\n\t\t\t\t\t<\/div>\n\t\t\t\t<\/div>\n\t\t<div class=\"elementor-element elementor-element-090f902 e-con-full e-flex e-con e-parent\" data-id=\"090f902\" data-element_type=\"container\" data-settings=\"{&quot;content_width&quot;:&quot;full&quot;}\" data-core-v316-plus=\"true\">\n\t\t<div class=\"elementor-element elementor-element-8e9a475 e-con-full e-flex e-con e-child\" data-id=\"8e9a475\" data-element_type=\"container\" data-settings=\"{&quot;content_width&quot;:&quot;full&quot;}\">\n\t\t\t\t<div class=\"elementor-element elementor-element-f1f40be hfe-submenu-icon-plus elementor-widget__width-initial hfe-nav-menu__breakpoint-mobile hfe-nav-menu__align-left hfe-link-redirect-child elementor-widget elementor-widget-navigation-menu\" data-id=\"f1f40be\" data-element_type=\"widget\" data-settings=\"{&quot;padding_horizontal_menu_item&quot;:{&quot;unit&quot;:&quot;px&quot;,&quot;size&quot;:17,&quot;sizes&quot;:[]},&quot;padding_vertical_menu_item&quot;:{&quot;unit&quot;:&quot;px&quot;,&quot;size&quot;:19,&quot;sizes&quot;:[]},&quot;menu_space_between&quot;:{&quot;unit&quot;:&quot;px&quot;,&quot;size&quot;:2,&quot;sizes&quot;:[]},&quot;dropdown_border_radius&quot;:{&quot;unit&quot;:&quot;px&quot;,&quot;top&quot;:&quot;14&quot;,&quot;right&quot;:&quot;14&quot;,&quot;bottom&quot;:&quot;14&quot;,&quot;left&quot;:&quot;14&quot;,&quot;isLinked&quot;:true},&quot;padding_horizontal_dropdown_item&quot;:{&quot;unit&quot;:&quot;px&quot;,&quot;size&quot;:47,&quot;sizes&quot;:[]},&quot;padding_vertical_dropdown_item&quot;:{&quot;unit&quot;:&quot;px&quot;,&quot;size&quot;:17,&quot;sizes&quot;:[]},&quot;distance_from_menu&quot;:{&quot;unit&quot;:&quot;px&quot;,&quot;size&quot;:-3,&quot;sizes&quot;:[]},&quot;toggle_size&quot;:{&quot;unit&quot;:&quot;px&quot;,&quot;size&quot;:16,&quot;sizes&quot;:[]},&quot;toggle_border_width&quot;:{&quot;unit&quot;:&quot;px&quot;,&quot;size&quot;:0,&quot;sizes&quot;:[]},&quot;padding_horizontal_menu_item_tablet&quot;:{&quot;unit&quot;:&quot;px&quot;,&quot;size&quot;:&quot;&quot;,&quot;sizes&quot;:[]},&quot;padding_horizontal_menu_item_mobile&quot;:{&quot;unit&quot;:&quot;px&quot;,&quot;size&quot;:&quot;&quot;,&quot;sizes&quot;:[]},&quot;padding_vertical_menu_item_tablet&quot;:{&quot;unit&quot;:&quot;px&quot;,&quot;size&quot;:&quot;&quot;,&quot;sizes&quot;:[]},&quot;padding_vertical_menu_item_mobile&quot;:{&quot;unit&quot;:&quot;px&quot;,&quot;size&quot;:&quot;&quot;,&quot;sizes&quot;:[]},&quot;menu_space_between_tablet&quot;:{&quot;unit&quot;:&quot;px&quot;,&quot;size&quot;:&quot;&quot;,&quot;sizes&quot;:[]},&quot;menu_space_between_mobile&quot;:{&quot;unit&quot;:&quot;px&quot;,&quot;size&quot;:&quot;&quot;,&quot;sizes&quot;:[]},&quot;dropdown_border_radius_tablet&quot;:{&quot;unit&quot;:&quot;px&quot;,&quot;top&quot;:&quot;&quot;,&quot;right&quot;:&quot;&quot;,&quot;bottom&quot;:&quot;&quot;,&quot;left&quot;:&quot;&quot;,&quot;isLinked&quot;:true},&quot;dropdown_border_radius_mobile&quot;:{&quot;unit&quot;:&quot;px&quot;,&quot;top&quot;:&quot;&quot;,&quot;right&quot;:&quot;&quot;,&quot;bottom&quot;:&quot;&quot;,&quot;left&quot;:&quot;&quot;,&quot;isLinked&quot;:true},&quot;padding_horizontal_dropdown_item_tablet&quot;:{&quot;unit&quot;:&quot;px&quot;,&quot;size&quot;:&quot;&quot;,&quot;sizes&quot;:[]},&quot;padding_horizontal_dropdown_item_mobile&quot;:{&quot;unit&quot;:&quot;px&quot;,&quot;size&quot;:&quot;&quot;,&quot;sizes&quot;:[]},&quot;padding_vertical_dropdown_item_tablet&quot;:{&quot;unit&quot;:&quot;px&quot;,&quot;size&quot;:&quot;&quot;,&quot;sizes&quot;:[]},&quot;padding_vertical_dropdown_item_mobile&quot;:{&quot;unit&quot;:&quot;px&quot;,&quot;size&quot;:&quot;&quot;,&quot;sizes&quot;:[]},&quot;distance_from_menu_tablet&quot;:{&quot;unit&quot;:&quot;px&quot;,&quot;size&quot;:&quot;&quot;,&quot;sizes&quot;:[]},&quot;distance_from_menu_mobile&quot;:{&quot;unit&quot;:&quot;px&quot;,&quot;size&quot;:&quot;&quot;,&quot;sizes&quot;:[]},&quot;toggle_size_tablet&quot;:{&quot;unit&quot;:&quot;px&quot;,&quot;size&quot;:&quot;&quot;,&quot;sizes&quot;:[]},&quot;toggle_size_mobile&quot;:{&quot;unit&quot;:&quot;px&quot;,&quot;size&quot;:&quot;&quot;,&quot;sizes&quot;:[]},&quot;toggle_border_width_tablet&quot;:{&quot;unit&quot;:&quot;px&quot;,&quot;size&quot;:&quot;&quot;,&quot;sizes&quot;:[]},&quot;toggle_border_width_mobile&quot;:{&quot;unit&quot;:&quot;px&quot;,&quot;size&quot;:&quot;&quot;,&quot;sizes&quot;:[]},&quot;toggle_border_radius&quot;:{&quot;unit&quot;:&quot;px&quot;,&quot;size&quot;:&quot;&quot;,&quot;sizes&quot;:[]},&quot;toggle_border_radius_tablet&quot;:{&quot;unit&quot;:&quot;px&quot;,&quot;size&quot;:&quot;&quot;,&quot;sizes&quot;:[]},&quot;toggle_border_radius_mobile&quot;:{&quot;unit&quot;:&quot;px&quot;,&quot;size&quot;:&quot;&quot;,&quot;sizes&quot;:[]}}\" data-widget_type=\"navigation-menu.default\">\n\t\t\t\t<div class=\"elementor-widget-container\">\n\t\t\t\t\t\t<div class=\"hfe-nav-menu hfe-layout-vertical hfe-nav-menu-layout vertical\" data-layout=\"vertical\">\n\t\t\t\t<div role=\"button\" class=\"hfe-nav-menu__toggle elementor-clickable\">\n\t\t\t\t\t<span class=\"screen-reader-text\">Menu<\/span>\n\t\t\t\t\t<div class=\"hfe-nav-menu-icon\">\n\t\t\t\t\t\t<i aria-hidden=\"true\"  class=\"icon icon-menu-9\"><\/i>\t\t\t\t\t<\/div>\n\t\t\t\t<\/div>\n\t\t\t\t<nav class=\"hfe-nav-menu__layout-vertical hfe-nav-menu__submenu-plus\" data-toggle-icon=\"&lt;i aria-hidden=&quot;true&quot; tabindex=&quot;0&quot; class=&quot;icon icon-menu-9&quot;&gt;&lt;\/i&gt;\" data-close-icon=\"&lt;svg aria-hidden=&quot;true&quot; tabindex=&quot;0&quot; class=&quot;e-font-icon-svg e-far-window-close&quot; viewBox=&quot;0 0 512 512&quot; xmlns=&quot;http:\/\/www.w3.org\/2000\/svg&quot;&gt;&lt;path d=&quot;M464 32H48C21.5 32 0 53.5 0 80v352c0 26.5 21.5 48 48 48h416c26.5 0 48-21.5 48-48V80c0-26.5-21.5-48-48-48zm0 394c0 3.3-2.7 6-6 6H54c-3.3 0-6-2.7-6-6V86c0-3.3 2.7-6 6-6h404c3.3 0 6 2.7 6 6v340zM356.5 194.6L295.1 256l61.4 61.4c4.6 4.6 4.6 12.1 0 16.8l-22.3 22.3c-4.6 4.6-12.1 4.6-16.8 0L256 295.1l-61.4 61.4c-4.6 4.6-12.1 4.6-16.8 0l-22.3-22.3c-4.6-4.6-4.6-12.1 0-16.8l61.4-61.4-61.4-61.4c-4.6-4.6-4.6-12.1 0-16.8l22.3-22.3c4.6-4.6 12.1-4.6 16.8 0l61.4 61.4 61.4-61.4c4.6-4.6 12.1-4.6 16.8 0l22.3 22.3c4.7 4.6 4.7 12.1 0 16.8z&quot;&gt;&lt;\/path&gt;&lt;\/svg&gt;\" data-full-width=\"\">\n\t\t\t\t\t<ul id=\"menu-1-f1f40be\" class=\"hfe-nav-menu\"><li id=\"menu-item-5161\" class=\"menu-item menu-item-type-custom menu-item-object-custom parent hfe-creative-menu\"><a href=\"https:\/\/www.demasaltin.com\/en\/hakkimizda\/\" class = \"hfe-menu-item\">About Us<\/a><\/li>\n<li id=\"menu-item-5162\" class=\"menu-item menu-item-type-custom menu-item-object-custom parent hfe-creative-menu\"><a href=\"https:\/\/www.demasaltin.com\/en\/baskanin-mesaji\/\" class = \"hfe-menu-item\">President's Message<\/a><\/li>\n<li id=\"menu-item-5163\" class=\"menu-item menu-item-type-custom menu-item-object-custom parent hfe-creative-menu\"><a href=\"https:\/\/www.demasaltin.com\/en\/insan-kaynaklari\/\" class = \"hfe-menu-item\">Human Resources<\/a><\/li>\n<li id=\"menu-item-5164\" class=\"menu-item menu-item-type-custom menu-item-object-custom parent hfe-creative-menu\"><a href=\"https:\/\/www.demasaltin.com\/en\/misyon-vizyon-vedegerler\/\" class = \"hfe-menu-item\">Mission, Vision and Values<\/a><\/li>\n<li id=\"menu-item-5153\" class=\"menu-item menu-item-type-custom menu-item-object-custom parent hfe-creative-menu\"><a href=\"https:\/\/www.demasaltin.com\/en\/tarihce\/\" class = \"hfe-menu-item\">Milestone<\/a><\/li>\n<li id=\"menu-item-6339\" class=\"menu-item menu-item-type-custom menu-item-object-custom parent hfe-creative-menu\"><a href=\"https:\/\/www.demasaltin.com\/en\/basinda-biz\/\" class = \"hfe-menu-item\">Bas\u0131nda Biz<\/a><\/li>\n<\/ul> \n\t\t\t\t<\/nav>\n\t\t\t<\/div>\n\t\t\t\t\t<\/div>\n\t\t\t\t<\/div>\n\t\t\t\t<\/div>\n\t\t<div class=\"elementor-element elementor-element-128c1b2 e-con-full e-flex e-con e-child\" data-id=\"128c1b2\" data-element_type=\"container\" data-settings=\"{&quot;content_width&quot;:&quot;full&quot;}\">\n\t\t\t\t<div class=\"elementor-element elementor-element-40471db elementor-widget elementor-widget-text-editor\" data-id=\"40471db\" data-element_type=\"widget\" data-widget_type=\"text-editor.default\">\n\t\t\t\t<div class=\"elementor-widget-container\">\n\t\t\t<style>\/*! elementor - v3.19.0 - 07-02-2024 *\/\n.elementor-widget-text-editor.elementor-drop-cap-view-stacked .elementor-drop-cap{background-color:#69727d;color:#fff}.elementor-widget-text-editor.elementor-drop-cap-view-framed .elementor-drop-cap{color:#69727d;border:3px solid;background-color:transparent}.elementor-widget-text-editor:not(.elementor-drop-cap-view-default) .elementor-drop-cap{margin-top:8px}.elementor-widget-text-editor:not(.elementor-drop-cap-view-default) .elementor-drop-cap-letter{width:1em;height:1em}.elementor-widget-text-editor .elementor-drop-cap{float:left;text-align:center;line-height:1;font-size:50px}.elementor-widget-text-editor .elementor-drop-cap-letter{display:inline-block}<\/style>\t\t\t\t<p>DEMA\u015e A.\u015e.'s human resources approach is fundamentally rooted in investing in human capital. Recognizing that human capital stands as the driving force behind every advancement, the company consistently establishes systems to recruit, train, and develop young and innovative individuals. This aims to provide a work environment that encourages employees to fully utilize their skills, offers ample opportunities, and seeks to recognize and reward achievements.<\/p><p>The human resources policy of DEMA\u015e A.\u015e. can be summarized as prioritizing and emphasizing, continuous investment, utilizing adequate resources for training, prioritizing internal promotions, implementing programs for this purpose, developing human resources systems, fostering an open communication environment to maximize participation through leadership, exhibiting a fair and objective attitude, and developing practices in line with international standards. Within this framework, the human resources mission plays a strategic role in assisting the organization in achieving its business objectives by implementing effective HR policies.<\/p><p>DEMA\u015e A.\u015e., in addition to adhering to national regulations governing the business environment:<\/p><p>\u2022 Acts in accordance with the United Nations Universal Declaration of Human Rights, encompassing the fundamental principles of human rights and accountability, to which our country is also a signatory.<\/p><p>\u2022 Respects workers' rights in accordance with the guiding principles of the International Labour Organization (ILO), which our country has accepted, by considering and observing issues such as non-discrimination, prohibition of forced labor, and elimination of child labor in its operations.<\/p><p>\u2013<\/p><p>DEMA\u015e A.\u015e.'s Human Resources Policy approach towards its internal and external stakeholders is outlined as follows:<\/p><p>1.  EMPLOYEES<\/p><p>1.1 Human Resources Policy<\/p><p>DEMA\u015e A.\u015e. grounds its human resources practices on the following fundamental policies:<\/p><p>\u2022 Adequate staffing to fulfill the activities required to achieve the company's objectives.<\/p><p>\u2022 Selection and assignment of suitable personnel possessing competencies aligned with relevant job requirements.<\/p><p>\u2022 Valuing employees' personalities, safeguarding their material and non-material rights, and ensuring the confidentiality of personal information.<\/p><p>\u2022 Providing a secure working environment that aligns with the nature of the task.<\/p><p>\u2022 Providing opportunities for creating social relationships and a work environment that enhances motivation and commitment.<\/p><p>\u2022 Offering fair and equal job, training, and development opportunities in line with individual skills.<\/p><p>\u2022 Establishing a \"compensation and benefits\" system that incentivizes work without losing interest and maintains productivity, while ensuring adequate human resources in terms of quality and quantity to deliver the company's services.<\/p><p>\u2022 Providing opportunities for employees to enhance their knowledge and experiences and rewarding successful employees within existing capacities.<\/p><p>\u2022 Timely informing and counseling employees on matters concerning them, ensuring their opinions are always considered and facilitating easy communication of their ideas to management.<\/p><p>\u2022 Ensuring that employees work in accordance with productivity and profitability principles and maintain awareness of required cost-effectiveness.<\/p><p>\u2022 Encouraging creative thinking and generating new ideas that enhance processes\/procedures.<\/p><p>\u2022 Promoting career advancement by considering each employee's talents, achievements, education, and work tenure to uphold and improve the company's corporate culture and identity.<\/p><p>\u2022 Evaluating each employee based on objective criteria and a fair basis.<\/p><p>1.2 Diversity Principle and Equal Opportunities<\/p><p>DEMA\u015e A.\u015e. acknowledges the diversity principle, recognizing that each individual is unique. In recruitment and promotion processes, the company ensures equal opportunities for potential candidates based on professional skills and competencies without discrimination regarding language, religion, race, sect, ethnic origin, gender, personal preference, physical disabilities, etc.<\/p><p>1.3 Prohibition of Discrimination and Harassment<\/p><p>DEMA\u015e A.\u015e. is obligated to take all necessary measures to prevent any actions that could lead to discrimination or create ill treatment. Employees are responsible for refraining from behaviors that could lead to mistreatment, intentional and systematic psychological pressure\/censorship, discrimination, invasion of personal space, harassment\/abuse, either towards each other within or outside the workplace.<\/p><p>1.4 Occupational Health and Safety<\/p><p>In compliance with the Occupational Health and Safety Law, DEMA\u015e A.\u015e. will ensure:<\/p><p>Protection and assurance of employees in the workplace to prevent accidents;<\/p><p>Maintaining employees in the best social, psychological, and physical condition by improving work environments to meet health requirements better;<\/p><p>Protecting employees from hazardous workplace effects, enhancing harmony between work and employees.<\/p><p>All necessary precautions will be taken to achieve the above.<\/p><p>1.5 Training<\/p><p>Apart from professional training, DEMA\u015e A.\u015e. organizes face-to-face and online training sessions on various topics, contributing to employees' personal development. An online training session on Human Rights is open to all employees and is mandatory for new hires and promoted personnel.<\/p><p>2. CUSTOMERS AND SUPPLIERS<\/p><p>2.1 Principle of Equality<\/p><p>DEMA\u015e A.\u015e. ensures that employees' relationships with customers and suppliers are managed\/maintained based on principles of honesty, trust, impartiality, and responsibility in accordance with the Ethical Principles and Anti-Corruption Policy, without discrimination based on factors such as language, religion, race, gender, and ensuring equal conditions in providing products, services, and publicly available information to all stakeholders without distinction between customers and suppliers. Employees involved in pricing of products and services provided by DEMA\u015e A.\u015e. are obliged to adhere to internal company regulations and relevant legal requirements.<\/p><p>2.2 Confidentiality of Customer Information<\/p><p>Customer information should not be shared with third parties without customer consent and unless explicitly stated for disclosure\/sharing content, except for authorized institutions specified by law. The obligation of employees in this regard continues even after the termination\/conclusion of their employment contracts. Employees may only use customer\/supplier information obtained in the course of their work for work-related purposes.<\/p><p>2.3 Training<\/p><p>DEMA\u015e A.\u015e. contributes to the development of its customers and suppliers through the SME Development Platform, which contains numerous training documents on sustainability (Anti-Corruption, Ethical Principles, Human Rights, etc.), while also providing training on financial topics such as finance, foreign trade, entrepreneurship, and e-commerce.<\/p><p>2.4 Security<\/p><p>In order to ensure the safety of customers and company visitors, DEMA\u015e A.\u015e. takes careful measures in handling situations that may pose threats to health or safety.<\/p><p>2.5 Responsibilities of Customers and Suppliers<\/p><p>Companies or partners from whom Dema\u015f A.\u015e. procures all goods and services must act in compliance with the regulations of this policy. The company will not engage in any business relationship with customers and suppliers that do not comply. Dema\u015f A.\u015e.'s Ethical Principles and Anti-Corruption Policy are also publicly available along with our Human Rights and Human Resources Policies.<\/p><p>3. Society<\/p><p>DEMA\u015e A.\u015e. conducts all its activities with the fundamental principles of human rights in mind, aiming to create new employment opportunities, reduce regional disparities, provide access to finance, pay attention to environmental and social risks, enhance social welfare, and contribute to economic development. The company is sensitive to vulnerable segments of society and consciously fulfills its social responsibility to the community in all its endeavors.<\/p>\t\t\t\t\t\t<\/div>\n\t\t\t\t<\/div>\n\t\t\t\t<\/div>\n\t\t\t\t<\/div>\n\t\t<div class=\"elementor-element elementor-element-7f530866 e-con-full e-flex e-con e-parent\" data-id=\"7f530866\" data-element_type=\"container\" data-settings=\"{&quot;content_width&quot;:&quot;full&quot;}\" data-core-v316-plus=\"true\">\n\t\t\t\t<div class=\"elementor-element elementor-element-2987db7 elementor-widget__width-initial elementor-arrows-position-inside elementor-pagination-position-outside elementor-widget elementor-widget-image-carousel\" data-id=\"2987db7\" data-element_type=\"widget\" data-settings=\"{&quot;navigation&quot;:&quot;both&quot;,&quot;autoplay&quot;:&quot;yes&quot;,&quot;pause_on_hover&quot;:&quot;yes&quot;,&quot;pause_on_interaction&quot;:&quot;yes&quot;,&quot;autoplay_speed&quot;:5000,&quot;infinite&quot;:&quot;yes&quot;,&quot;speed&quot;:500}\" data-widget_type=\"image-carousel.default\">\n\t\t\t\t<div class=\"elementor-widget-container\">\n\t\t\t<style>\/*! elementor - v3.19.0 - 07-02-2024 *\/\n.elementor-widget-image-carousel .swiper,.elementor-widget-image-carousel .swiper-container{position:static}.elementor-widget-image-carousel .swiper-container .swiper-slide figure,.elementor-widget-image-carousel .swiper .swiper-slide figure{line-height:inherit}.elementor-widget-image-carousel .swiper-slide{text-align:center}.elementor-image-carousel-wrapper:not(.swiper-container-initialized):not(.swiper-initialized) .swiper-slide{max-width:calc(100% \/ var(--e-image-carousel-slides-to-show, 3))}<\/style>\t\t<div class=\"elementor-image-carousel-wrapper swiper\" dir=\"ltr\">\n\t\t\t<div class=\"elementor-image-carousel swiper-wrapper\" aria-live=\"off\">\n\t\t\t\t\t\t\t\t<div class=\"swiper-slide\" role=\"group\" aria-roledescription=\"slide\" aria-label=\"1 of 5\"><figure class=\"swiper-slide-inner\"><img decoding=\"async\" class=\"swiper-slide-image\" src=\"https:\/\/www.demasaltin.com\/wp-content\/uploads\/2023\/11\/iso-11.png\" alt=\"iso-11\" \/><\/figure><\/div><div class=\"swiper-slide\" role=\"group\" aria-roledescription=\"slide\" aria-label=\"2 of 5\"><figure class=\"swiper-slide-inner\"><img decoding=\"async\" class=\"swiper-slide-image\" src=\"https:\/\/www.demasaltin.com\/wp-content\/uploads\/2023\/11\/immib-11.png\" alt=\"immib-11\" \/><\/figure><\/div><div class=\"swiper-slide\" role=\"group\" aria-roledescription=\"slide\" aria-label=\"3 of 5\"><figure class=\"swiper-slide-inner\"><img decoding=\"async\" class=\"swiper-slide-image\" src=\"https:\/\/www.demasaltin.com\/wp-content\/uploads\/2023\/11\/borsa-istanbul-11.png\" alt=\"borsa-istanbul-11\" \/><\/figure><\/div><div class=\"swiper-slide\" role=\"group\" aria-roledescription=\"slide\" aria-label=\"4 of 5\"><figure class=\"swiper-slide-inner\"><img decoding=\"async\" class=\"swiper-slide-image\" src=\"https:\/\/www.demasaltin.com\/wp-content\/uploads\/2023\/12\/tim-300x100.png\" alt=\"tim\" \/><\/figure><\/div><div class=\"swiper-slide\" role=\"group\" aria-roledescription=\"slide\" aria-label=\"5 of 5\"><figure class=\"swiper-slide-inner\"><img decoding=\"async\" class=\"swiper-slide-image\" src=\"https:\/\/www.demasaltin.com\/wp-content\/uploads\/2023\/12\/Turkish-Jewellery-300x115.png\" alt=\"Turkish Jewellery\" \/><\/figure><\/div>\t\t\t<\/div>\n\t\t\t\t\t\t\t\t\t\t\t\t<div class=\"elementor-swiper-button elementor-swiper-button-prev\" role=\"button\" tabindex=\"0\">\n\t\t\t\t\t\t<svg aria-hidden=\"true\" class=\"e-font-icon-svg e-eicon-chevron-left\" viewbox=\"0 0 1000 1000\" xmlns=\"http:\/\/www.w3.org\/2000\/svg\"><path d=\"M646 125C629 125 613 133 604 142L308 442C296 454 292 471 292 487 292 504 296 521 308 533L604 854C617 867 629 875 646 875 663 875 679 871 692 858 704 846 713 829 713 812 713 796 708 779 692 767L438 487 692 225C700 217 708 204 708 187 708 171 704 154 692 142 675 129 663 125 646 125Z\"><\/path><\/svg>\t\t\t\t\t<\/div>\n\t\t\t\t\t<div class=\"elementor-swiper-button elementor-swiper-button-next\" role=\"button\" tabindex=\"0\">\n\t\t\t\t\t\t<svg aria-hidden=\"true\" class=\"e-font-icon-svg e-eicon-chevron-right\" viewbox=\"0 0 1000 1000\" xmlns=\"http:\/\/www.w3.org\/2000\/svg\"><path d=\"M696 533C708 521 713 504 713 487 713 471 708 454 696 446L400 146C388 133 375 125 354 125 338 125 325 129 313 142 300 154 292 171 292 187 292 204 296 221 308 233L563 492 304 771C292 783 288 800 288 817 288 833 296 850 308 863 321 871 338 875 354 875 371 875 388 867 400 854L696 533Z\"><\/path><\/svg>\t\t\t\t\t<\/div>\n\t\t\t\t\n\t\t\t\t\t\t\t\t\t<div class=\"swiper-pagination\"><\/div>\n\t\t\t\t\t\t\t\t\t<\/div>\n\t\t\t\t<\/div>\n\t\t\t\t<\/div>\n\t\t\t\t<\/div>\n\t\t\t\t<\/div>","protected":false},"excerpt":{"rendered":"<p>\u0130nsan Kaynaklar\u0131 Menu Hakk\u0131m\u0131zda Ba\u015fkan\u0131n Mesaj\u0131 \u0130nsan Kaynaklar\u0131 Misyon,Vizyon ve De\u011ferler Tarih\u00e7e Bas\u0131nda Biz DEMA\u015e A.\u015e\u2019nin insan kaynaklar\u0131 yakla\u015f\u0131m\u0131n\u0131n temelini, insan sermayesine yat\u0131r\u0131m yapma olu\u015fturur. \u0130nsan sermayesinin her ilerlemenin arkas\u0131ndaki itici g\u00fc\u00e7 oldu\u011funu kabul ederek, Firma s\u00fcrekli olarak gen\u00e7 ve yenilik\u00e7i bireyleri i\u015fe almak, e\u011fitmek ve geli\u015ftirmek i\u00e7in sistemler olu\u015fturur. Bu, \u00e7al\u0131\u015fanlar\u0131n becerilerini tam olarak [&hellip;]<\/p>","protected":false},"author":1,"featured_media":0,"parent":0,"menu_order":0,"comment_status":"closed","ping_status":"closed","template":"","meta":{"_eb_attr":"","om_disable_all_campaigns":false,"footnotes":""},"class_list":["post-5396","page","type-page","status-publish","hentry"],"aioseo_notices":[],"_links":{"self":[{"href":"https:\/\/www.demasaltin.com\/en\/wp-json\/wp\/v2\/pages\/5396","targetHints":{"allow":["GET"]}}],"collection":[{"href":"https:\/\/www.demasaltin.com\/en\/wp-json\/wp\/v2\/pages"}],"about":[{"href":"https:\/\/www.demasaltin.com\/en\/wp-json\/wp\/v2\/types\/page"}],"author":[{"embeddable":true,"href":"https:\/\/www.demasaltin.com\/en\/wp-json\/wp\/v2\/users\/1"}],"replies":[{"embeddable":true,"href":"https:\/\/www.demasaltin.com\/en\/wp-json\/wp\/v2\/comments?post=5396"}],"version-history":[{"count":31,"href":"https:\/\/www.demasaltin.com\/en\/wp-json\/wp\/v2\/pages\/5396\/revisions"}],"predecessor-version":[{"id":6486,"href":"https:\/\/www.demasaltin.com\/en\/wp-json\/wp\/v2\/pages\/5396\/revisions\/6486"}],"wp:attachment":[{"href":"https:\/\/www.demasaltin.com\/en\/wp-json\/wp\/v2\/media?parent=5396"}],"curies":[{"name":"wp","href":"https:\/\/api.w.org\/{rel}","templated":true}]}}