{"id":5391,"date":"2024-01-29T21:18:53","date_gmt":"2024-01-29T21:18:53","guid":{"rendered":"https:\/\/www.demasaltin.com\/?page_id=5391"},"modified":"2025-07-31T07:22:17","modified_gmt":"2025-07-31T07:22:17","slug":"baskanin-mesaji","status":"publish","type":"page","link":"https:\/\/www.demasaltin.com\/en\/baskanin-mesaji\/","title":{"rendered":"President's Message"},"content":{"rendered":"<div data-elementor-type=\"wp-page\" data-elementor-id=\"5391\" class=\"elementor elementor-5391\" data-elementor-post-type=\"page\">\n\t\t\t\t<div class=\"elementor-element elementor-element-1ebc43a e-flex e-con-boxed e-con e-parent\" data-id=\"1ebc43a\" data-element_type=\"container\" data-settings=\"{&quot;background_background&quot;:&quot;classic&quot;,&quot;content_width&quot;:&quot;boxed&quot;}\" data-core-v316-plus=\"true\">\n\t\t\t\t\t<div class=\"e-con-inner\">\n\t\t\t\t<div class=\"elementor-element elementor-element-51966f06 animated-slow elementor-invisible elementor-widget elementor-widget-heading\" data-id=\"51966f06\" data-element_type=\"widget\" data-settings=\"{&quot;_animation&quot;:&quot;fadeInLeft&quot;}\" data-widget_type=\"heading.default\">\n\t\t\t\t<div class=\"elementor-widget-container\">\n\t\t\t<style>\/*! elementor - v3.19.0 - 07-02-2024 *\/\n.elementor-heading-title{padding:0;margin:0;line-height:1}.elementor-widget-heading .elementor-heading-title[class*=elementor-size-]>a{color:inherit;font-size:inherit;line-height:inherit}.elementor-widget-heading .elementor-heading-title.elementor-size-small{font-size:15px}.elementor-widget-heading .elementor-heading-title.elementor-size-medium{font-size:19px}.elementor-widget-heading .elementor-heading-title.elementor-size-large{font-size:29px}.elementor-widget-heading .elementor-heading-title.elementor-size-xl{font-size:39px}.elementor-widget-heading .elementor-heading-title.elementor-size-xxl{font-size:59px}<\/style><h2 class=\"elementor-heading-title elementor-size-large\">President's Message<\/h2>\t\t<\/div>\n\t\t\t\t<\/div>\n\t\t\t\t\t<\/div>\n\t\t\t\t<\/div>\n\t\t<div class=\"elementor-element elementor-element-4cce4ebc e-con-full e-flex e-con e-parent\" data-id=\"4cce4ebc\" data-element_type=\"container\" data-settings=\"{&quot;content_width&quot;:&quot;full&quot;}\" data-core-v316-plus=\"true\">\n\t\t<div class=\"elementor-element elementor-element-2e71c3ee e-con-full e-flex e-con e-child\" data-id=\"2e71c3ee\" data-element_type=\"container\" data-settings=\"{&quot;content_width&quot;:&quot;full&quot;}\">\n\t\t\t\t<div class=\"elementor-element elementor-element-18bb3fc0 hfe-submenu-icon-plus elementor-widget__width-initial hfe-link-redirect-self_link hfe-nav-menu__breakpoint-mobile hfe-nav-menu__align-left elementor-widget elementor-widget-navigation-menu\" data-id=\"18bb3fc0\" data-element_type=\"widget\" data-settings=\"{&quot;padding_horizontal_menu_item&quot;:{&quot;unit&quot;:&quot;px&quot;,&quot;size&quot;:17,&quot;sizes&quot;:[]},&quot;padding_vertical_menu_item&quot;:{&quot;unit&quot;:&quot;px&quot;,&quot;size&quot;:19,&quot;sizes&quot;:[]},&quot;menu_space_between&quot;:{&quot;unit&quot;:&quot;px&quot;,&quot;size&quot;:2,&quot;sizes&quot;:[]},&quot;dropdown_border_radius&quot;:{&quot;unit&quot;:&quot;px&quot;,&quot;top&quot;:&quot;14&quot;,&quot;right&quot;:&quot;14&quot;,&quot;bottom&quot;:&quot;14&quot;,&quot;left&quot;:&quot;14&quot;,&quot;isLinked&quot;:true},&quot;padding_horizontal_dropdown_item&quot;:{&quot;unit&quot;:&quot;px&quot;,&quot;size&quot;:47,&quot;sizes&quot;:[]},&quot;padding_vertical_dropdown_item&quot;:{&quot;unit&quot;:&quot;px&quot;,&quot;size&quot;:17,&quot;sizes&quot;:[]},&quot;distance_from_menu&quot;:{&quot;unit&quot;:&quot;px&quot;,&quot;size&quot;:-3,&quot;sizes&quot;:[]},&quot;toggle_size&quot;:{&quot;unit&quot;:&quot;px&quot;,&quot;size&quot;:16,&quot;sizes&quot;:[]},&quot;toggle_border_width&quot;:{&quot;unit&quot;:&quot;px&quot;,&quot;size&quot;:0,&quot;sizes&quot;:[]},&quot;padding_horizontal_menu_item_tablet&quot;:{&quot;unit&quot;:&quot;px&quot;,&quot;size&quot;:&quot;&quot;,&quot;sizes&quot;:[]},&quot;padding_horizontal_menu_item_mobile&quot;:{&quot;unit&quot;:&quot;px&quot;,&quot;size&quot;:&quot;&quot;,&quot;sizes&quot;:[]},&quot;padding_vertical_menu_item_tablet&quot;:{&quot;unit&quot;:&quot;px&quot;,&quot;size&quot;:&quot;&quot;,&quot;sizes&quot;:[]},&quot;padding_vertical_menu_item_mobile&quot;:{&quot;unit&quot;:&quot;px&quot;,&quot;size&quot;:&quot;&quot;,&quot;sizes&quot;:[]},&quot;menu_space_between_tablet&quot;:{&quot;unit&quot;:&quot;px&quot;,&quot;size&quot;:&quot;&quot;,&quot;sizes&quot;:[]},&quot;menu_space_between_mobile&quot;:{&quot;unit&quot;:&quot;px&quot;,&quot;size&quot;:&quot;&quot;,&quot;sizes&quot;:[]},&quot;dropdown_border_radius_tablet&quot;:{&quot;unit&quot;:&quot;px&quot;,&quot;top&quot;:&quot;&quot;,&quot;right&quot;:&quot;&quot;,&quot;bottom&quot;:&quot;&quot;,&quot;left&quot;:&quot;&quot;,&quot;isLinked&quot;:true},&quot;dropdown_border_radius_mobile&quot;:{&quot;unit&quot;:&quot;px&quot;,&quot;top&quot;:&quot;&quot;,&quot;right&quot;:&quot;&quot;,&quot;bottom&quot;:&quot;&quot;,&quot;left&quot;:&quot;&quot;,&quot;isLinked&quot;:true},&quot;padding_horizontal_dropdown_item_tablet&quot;:{&quot;unit&quot;:&quot;px&quot;,&quot;size&quot;:&quot;&quot;,&quot;sizes&quot;:[]},&quot;padding_horizontal_dropdown_item_mobile&quot;:{&quot;unit&quot;:&quot;px&quot;,&quot;size&quot;:&quot;&quot;,&quot;sizes&quot;:[]},&quot;padding_vertical_dropdown_item_tablet&quot;:{&quot;unit&quot;:&quot;px&quot;,&quot;size&quot;:&quot;&quot;,&quot;sizes&quot;:[]},&quot;padding_vertical_dropdown_item_mobile&quot;:{&quot;unit&quot;:&quot;px&quot;,&quot;size&quot;:&quot;&quot;,&quot;sizes&quot;:[]},&quot;distance_from_menu_tablet&quot;:{&quot;unit&quot;:&quot;px&quot;,&quot;size&quot;:&quot;&quot;,&quot;sizes&quot;:[]},&quot;distance_from_menu_mobile&quot;:{&quot;unit&quot;:&quot;px&quot;,&quot;size&quot;:&quot;&quot;,&quot;sizes&quot;:[]},&quot;toggle_size_tablet&quot;:{&quot;unit&quot;:&quot;px&quot;,&quot;size&quot;:&quot;&quot;,&quot;sizes&quot;:[]},&quot;toggle_size_mobile&quot;:{&quot;unit&quot;:&quot;px&quot;,&quot;size&quot;:&quot;&quot;,&quot;sizes&quot;:[]},&quot;toggle_border_width_tablet&quot;:{&quot;unit&quot;:&quot;px&quot;,&quot;size&quot;:&quot;&quot;,&quot;sizes&quot;:[]},&quot;toggle_border_width_mobile&quot;:{&quot;unit&quot;:&quot;px&quot;,&quot;size&quot;:&quot;&quot;,&quot;sizes&quot;:[]},&quot;toggle_border_radius&quot;:{&quot;unit&quot;:&quot;px&quot;,&quot;size&quot;:&quot;&quot;,&quot;sizes&quot;:[]},&quot;toggle_border_radius_tablet&quot;:{&quot;unit&quot;:&quot;px&quot;,&quot;size&quot;:&quot;&quot;,&quot;sizes&quot;:[]},&quot;toggle_border_radius_mobile&quot;:{&quot;unit&quot;:&quot;px&quot;,&quot;size&quot;:&quot;&quot;,&quot;sizes&quot;:[]}}\" data-widget_type=\"navigation-menu.default\">\n\t\t\t\t<div class=\"elementor-widget-container\">\n\t\t\t\t\t\t<div class=\"hfe-nav-menu hfe-layout-vertical hfe-nav-menu-layout vertical\" data-layout=\"vertical\">\n\t\t\t\t<div role=\"button\" class=\"hfe-nav-menu__toggle elementor-clickable\">\n\t\t\t\t\t<span class=\"screen-reader-text\">Menu<\/span>\n\t\t\t\t\t<div class=\"hfe-nav-menu-icon\">\n\t\t\t\t\t\t<i aria-hidden=\"true\"  class=\"icon icon-menu-9\"><\/i>\t\t\t\t\t<\/div>\n\t\t\t\t<\/div>\n\t\t\t\t<nav itemscope=\"itemscope\" itemtype=\"http:\/\/schema.org\/SiteNavigationElement\" class=\"hfe-nav-menu__layout-vertical hfe-nav-menu__submenu-plus\" data-toggle-icon=\"&lt;i aria-hidden=&quot;true&quot; tabindex=&quot;0&quot; class=&quot;icon icon-menu-9&quot;&gt;&lt;\/i&gt;\" data-close-icon=\"&lt;svg aria-hidden=&quot;true&quot; tabindex=&quot;0&quot; class=&quot;e-font-icon-svg e-far-window-close&quot; viewBox=&quot;0 0 512 512&quot; xmlns=&quot;http:\/\/www.w3.org\/2000\/svg&quot;&gt;&lt;path d=&quot;M464 32H48C21.5 32 0 53.5 0 80v352c0 26.5 21.5 48 48 48h416c26.5 0 48-21.5 48-48V80c0-26.5-21.5-48-48-48zm0 394c0 3.3-2.7 6-6 6H54c-3.3 0-6-2.7-6-6V86c0-3.3 2.7-6 6-6h404c3.3 0 6 2.7 6 6v340zM356.5 194.6L295.1 256l61.4 61.4c4.6 4.6 4.6 12.1 0 16.8l-22.3 22.3c-4.6 4.6-12.1 4.6-16.8 0L256 295.1l-61.4 61.4c-4.6 4.6-12.1 4.6-16.8 0l-22.3-22.3c-4.6-4.6-4.6-12.1 0-16.8l61.4-61.4-61.4-61.4c-4.6-4.6-4.6-12.1 0-16.8l22.3-22.3c4.6-4.6 12.1-4.6 16.8 0l61.4 61.4 61.4-61.4c4.6-4.6 12.1-4.6 16.8 0l22.3 22.3c4.7 4.6 4.7 12.1 0 16.8z&quot;&gt;&lt;\/path&gt;&lt;\/svg&gt;\" data-full-width=\"\">\n\t\t\t\t\t<ul id=\"menu-1-18bb3fc0\" class=\"hfe-nav-menu\"><li id=\"menu-item-5161\" itemprop=\"name\" class=\"menu-item menu-item-type-custom menu-item-object-custom parent hfe-creative-menu\"><a href=\"https:\/\/www.demasaltin.com\/en\/hakkimizda\/\" itemprop=\"url\" class = \"hfe-menu-item\">About Us<\/a><\/li>\n<li id=\"menu-item-5162\" itemprop=\"name\" class=\"menu-item menu-item-type-custom menu-item-object-custom parent hfe-creative-menu\"><a href=\"https:\/\/www.demasaltin.com\/en\/baskanin-mesaji\/\" itemprop=\"url\" class = \"hfe-menu-item\">President's Message<\/a><\/li>\n<li id=\"menu-item-5163\" itemprop=\"name\" class=\"menu-item menu-item-type-custom menu-item-object-custom parent hfe-creative-menu\"><a href=\"https:\/\/www.demasaltin.com\/en\/insan-kaynaklari\/\" itemprop=\"url\" class = \"hfe-menu-item\">Human Resources<\/a><\/li>\n<li id=\"menu-item-5164\" itemprop=\"name\" class=\"menu-item menu-item-type-custom menu-item-object-custom parent hfe-creative-menu\"><a href=\"https:\/\/www.demasaltin.com\/en\/misyon-vizyon-vedegerler\/\" itemprop=\"url\" class = \"hfe-menu-item\">Mission, Vision and Values<\/a><\/li>\n<li id=\"menu-item-5153\" itemprop=\"name\" class=\"menu-item menu-item-type-custom menu-item-object-custom parent hfe-creative-menu\"><a href=\"https:\/\/www.demasaltin.com\/en\/tarihce\/\" itemprop=\"url\" class = \"hfe-menu-item\">Milestone<\/a><\/li>\n<li id=\"menu-item-6339\" itemprop=\"name\" class=\"menu-item menu-item-type-custom menu-item-object-custom parent hfe-creative-menu\"><a href=\"https:\/\/www.demasaltin.com\/en\/basinda-biz\/\" itemprop=\"url\" class = \"hfe-menu-item\">Bas\u0131nda Biz<\/a><\/li>\n<\/ul> \n\t\t\t\t<\/nav>\n\t\t\t<\/div>\n\t\t\t\t\t<\/div>\n\t\t\t\t<\/div>\n\t\t\t\t<\/div>\n\t\t<div class=\"elementor-element elementor-element-1143bc92 e-con-full e-flex e-con e-child\" data-id=\"1143bc92\" data-element_type=\"container\" data-settings=\"{&quot;content_width&quot;:&quot;full&quot;}\">\n\t\t\t\t<div class=\"elementor-element elementor-element-680b7e82 elementor-widget elementor-widget-text-editor\" data-id=\"680b7e82\" data-element_type=\"widget\" data-widget_type=\"text-editor.default\">\n\t\t\t\t<div class=\"elementor-widget-container\">\n\t\t\t<style>\/*! elementor - v3.19.0 - 07-02-2024 *\/\n.elementor-widget-text-editor.elementor-drop-cap-view-stacked .elementor-drop-cap{background-color:#69727d;color:#fff}.elementor-widget-text-editor.elementor-drop-cap-view-framed .elementor-drop-cap{color:#69727d;border:3px solid;background-color:transparent}.elementor-widget-text-editor:not(.elementor-drop-cap-view-default) .elementor-drop-cap{margin-top:8px}.elementor-widget-text-editor:not(.elementor-drop-cap-view-default) .elementor-drop-cap-letter{width:1em;height:1em}.elementor-widget-text-editor .elementor-drop-cap{float:left;text-align:center;line-height:1;font-size:50px}.elementor-widget-text-editor .elementor-drop-cap-letter{display:inline-block}<\/style>\t\t\t\t<p><img fetchpriority=\"high\" decoding=\"async\" class=\"wp-image-6206 alignright\" src=\"https:\/\/www.demasaltin.com\/wp-content\/uploads\/2025\/05\/ACK-300x200.jpg\" alt=\"\" width=\"429\" height=\"286\" srcset=\"https:\/\/www.demasaltin.com\/wp-content\/uploads\/2025\/05\/ACK-300x200.jpg 300w, https:\/\/www.demasaltin.com\/wp-content\/uploads\/2025\/05\/ACK-1024x682.jpg 1024w, https:\/\/www.demasaltin.com\/wp-content\/uploads\/2025\/05\/ACK-768x512.jpg 768w, https:\/\/www.demasaltin.com\/wp-content\/uploads\/2025\/05\/ACK-370x247.jpg 370w, https:\/\/www.demasaltin.com\/wp-content\/uploads\/2025\/05\/ACK-270x180.jpg 270w, https:\/\/www.demasaltin.com\/wp-content\/uploads\/2025\/05\/ACK-1536x1023.jpg 1536w, https:\/\/www.demasaltin.com\/wp-content\/uploads\/2025\/05\/ACK-18x12.jpg 18w, https:\/\/www.demasaltin.com\/wp-content\/uploads\/2025\/05\/ACK.jpg 1600w\" sizes=\"(max-width: 429px) 100vw, 429px\" \/>Dear Valued Business Partners and Beloved Colleagues,<\/p><p>At DEMA\u015e A.\u015e., we continue our operations across a broad spectrum within the Precious Metals market. We hold a versatile structure, acknowledged internationally as a trusted Precious Metal Supplier, serving as both a manufacturer with an extensive product range and an exporter reaching global markets, while also maintaining a reputable position as a domestic raw material provider.<\/p><p>Our extensive experience spanning many years, combined with our collective effort as a team, our agility in embracing innovations, and the robust corporate culture we've cultivated over the years, evolve, grow, and reshape themselves upon the foundational belief in \"change and transformation,\" a concept of paramount importance in today's landscape.<\/p><p>Operating in a market built on the foundation of trust, our consistent presence at the forefront, backed by figures and the quality of our every endeavor, illustrates our successful strides towards achieving meticulously set goals. Our self-proclaimed motto, \"We prove that we do what we know well.\"\u0414\u0432\u0438\u0433\u0430\u044f\u0441\u044c \u0432\u043f\u0435\u0440\u0435\u0434, \u043e\u0431\u043d\u043e\u0432\u043b\u044f\u044f\u0441\u044c,<\/p><p>Progressing, renewing, learning from our experiences, and drawing strength from them, we aim to expand our objectives; be it in the diversity of sectors, production and market offerings, or through technological infrastructure and enhanced production capacity, our ambition is continuous growth.<\/p><p>Progressing, renewing, learning from our experiences, and drawing strength from them, we aim to expand our objectives; be it in the diversity of sectors, production and market offerings, or through technological infrastructure and enhanced production capacity, our ambition is continuous growth.<\/p><p>\u0412 2024 \u0433\u043e\u0434\u0443 \u043c\u044b \u043f\u043b\u0430\u043d\u0438\u0440\u0443\u0435\u043c \u0441\u0444\u043e\u043a\u0443\u0441\u0438\u0440\u043e\u0432\u0430\u0442\u044c\u0441\u044f \u043d\u0430 \u043f\u0440\u043e\u0438\u0437\u0432\u043e\u0434\u0441\u0442\u0432\u0435 \u0438 \u044d\u043a\u0441\u043f\u043e\u0440\u0442\u0435, \u0441\u0442\u0440\u0435\u043c\u044f\u0441\u044c \u0440\u0430\u0441\u0448\u0438\u0440\u0438\u0442\u044c \u0441\u0432\u043e\u0439 \u0432\u043a\u043b\u0430\u0434 \u0432 \u043d\u0430\u0446\u0438\u043e\u043d\u0430\u043b\u044c\u043d\u0443\u044e \u044d\u043a\u043e\u043d\u043e\u043c\u0438\u043a\u0443. \u041c\u044b \u0431\u0443\u0434\u0435\u043c \u043e\u0441\u0443\u0449\u0435\u0441\u0442\u0432\u043b\u044f\u0442\u044c \u0437\u0430\u043f\u043b\u0430\u043d\u0438\u0440\u043e\u0432\u0430\u043d\u043d\u044b\u0435 \u0438\u043d\u0432\u0435\u0441\u0442\u0438\u0446\u0438\u0438, \u043e\u0434\u043d\u043e\u0432\u0440\u0435\u043c\u0435\u043d\u043d\u043e \u0443\u0432\u0435\u043b\u0438\u0447\u0438\u0432\u0430\u044f \u043c\u0430\u0441\u0448\u0442\u0430\u0431\u044b \u043d\u0430\u0448\u0438\u0445 \u0443\u0441\u0438\u043b\u0438\u0439 \u043f\u043e \u0443\u043a\u0440\u0435\u043f\u043b\u0435\u043d\u0438\u044e \u043f\u0440\u0438\u0441\u0443\u0442\u0441\u0442\u0432\u0438\u044f \u043d\u0430 \u043c\u0438\u0440\u043e\u0432\u043e\u0439 \u0430\u0440\u0435\u043d\u0435 \u0438 \u0440\u0430\u0441\u0448\u0438\u0440\u044f\u044f \u0441\u0435\u0442\u0438 \u043f\u043e\u0441\u0442\u0430\u0432\u043e\u043a \u0438 \u0441\u0431\u044b\u0442\u0430. \u0411\u0443\u0434\u0443\u0447\u0438 \u043e\u0434\u043d\u043e\u0439 \u0438\u0437 \u0432\u0435\u0434\u0443\u0449\u0438\u0445 \u043e\u0440\u0433\u0430\u043d\u0438\u0437\u0430\u0446\u0438\u0439 \u0432 \u0422\u0443\u0440\u0446\u0438\u0438, \u043c\u044b \u0431\u0443\u0434\u0435\u043c \u043f\u0440\u043e\u0434\u043e\u043b\u0436\u0430\u0442\u044c \u0432\u044b\u043f\u043e\u043b\u043d\u044f\u0442\u044c \u0441\u0432\u043e\u0438 \u043e\u0431\u044f\u0437\u0430\u043d\u043d\u043e\u0441\u0442\u0438 \u043f\u043e \u0441\u043e\u0437\u0434\u0430\u043d\u0438\u044e \u0446\u0435\u043d\u043d\u043e\u0441\u0442\u0435\u0439 \u0434\u043b\u044f \u043c\u0438\u0440\u0430, \u0432 \u043a\u043e\u0442\u043e\u0440\u043e\u043c \u043c\u044b \u0436\u0438\u0432\u0435\u043c, \u0434\u043b\u044f \u043d\u0430\u0448\u0435\u0439 \u0441\u0442\u0440\u0430\u043d\u044b, \u043d\u0430\u0448\u0438\u0445 \u0441\u043e\u0442\u0440\u0443\u0434\u043d\u0438\u043a\u043e\u0432 \u0438 \u0434\u0440\u0443\u0433\u0438\u0445 \u0437\u0430\u0438\u043d\u0442\u0435\u0440\u0435\u0441\u043e\u0432\u0430\u043d\u043d\u044b\u0445 \u0441\u0442\u043e\u0440\u043e\u043d, \u043f\u0440\u043e\u0434\u043e\u043b\u0436\u0430\u044f \u0438\u0441\u043f\u043e\u043b\u044c\u0437\u043e\u0432\u0430\u0442\u044c \u0442\u0435\u0445\u043d\u043e\u043b\u043e\u0433\u0438\u0438 \u0432 \u0438\u043d\u0442\u0435\u0440\u0435\u0441\u0430\u0445 \u0432\u0441\u0435\u043e\u0431\u0449\u0435\u0433\u043e \u0431\u043b\u0430\u0433\u0430.<\/p><p>With warm regards and the hope to soon share new developments and achievements, I extend respectful greetings to all on behalf of DEMA\u015e A.\u015e.<\/p>\t\t\t\t\t\t<\/div>\n\t\t\t\t<\/div>\n\t\t\t\t<\/div>\n\t\t\t\t<\/div>\n\t\t<div class=\"elementor-element elementor-element-fc9ff5c e-con-full e-flex e-con e-parent\" data-id=\"fc9ff5c\" data-element_type=\"container\" data-settings=\"{&quot;content_width&quot;:&quot;full&quot;}\" data-core-v316-plus=\"true\">\n\t\t\t\t<div class=\"elementor-element elementor-element-21f5f3f elementor-widget__width-initial elementor-arrows-position-inside elementor-pagination-position-outside elementor-widget elementor-widget-image-carousel\" data-id=\"21f5f3f\" data-element_type=\"widget\" data-settings=\"{&quot;navigation&quot;:&quot;both&quot;,&quot;autoplay&quot;:&quot;yes&quot;,&quot;pause_on_hover&quot;:&quot;yes&quot;,&quot;pause_on_interaction&quot;:&quot;yes&quot;,&quot;autoplay_speed&quot;:5000,&quot;infinite&quot;:&quot;yes&quot;,&quot;speed&quot;:500}\" data-widget_type=\"image-carousel.default\">\n\t\t\t\t<div class=\"elementor-widget-container\">\n\t\t\t<style>\/*! elementor - v3.19.0 - 07-02-2024 *\/\n.elementor-widget-image-carousel .swiper,.elementor-widget-image-carousel .swiper-container{position:static}.elementor-widget-image-carousel .swiper-container .swiper-slide figure,.elementor-widget-image-carousel .swiper .swiper-slide figure{line-height:inherit}.elementor-widget-image-carousel .swiper-slide{text-align:center}.elementor-image-carousel-wrapper:not(.swiper-container-initialized):not(.swiper-initialized) .swiper-slide{max-width:calc(100% \/ var(--e-image-carousel-slides-to-show, 3))}<\/style>\t\t<div class=\"elementor-image-carousel-wrapper swiper\" dir=\"ltr\">\n\t\t\t<div class=\"elementor-image-carousel swiper-wrapper\" aria-live=\"off\">\n\t\t\t\t\t\t\t\t<div class=\"swiper-slide\" role=\"group\" aria-roledescription=\"slide\" aria-label=\"1 of 5\"><figure class=\"swiper-slide-inner\"><img decoding=\"async\" class=\"swiper-slide-image\" src=\"https:\/\/www.demasaltin.com\/wp-content\/uploads\/2023\/11\/iso-11.png\" alt=\"iso-11\" \/><\/figure><\/div><div class=\"swiper-slide\" role=\"group\" aria-roledescription=\"slide\" aria-label=\"2 of 5\"><figure class=\"swiper-slide-inner\"><img decoding=\"async\" class=\"swiper-slide-image\" src=\"https:\/\/www.demasaltin.com\/wp-content\/uploads\/2023\/11\/immib-11.png\" alt=\"immib-11\" \/><\/figure><\/div><div class=\"swiper-slide\" role=\"group\" aria-roledescription=\"slide\" aria-label=\"3 of 5\"><figure class=\"swiper-slide-inner\"><img decoding=\"async\" class=\"swiper-slide-image\" src=\"https:\/\/www.demasaltin.com\/wp-content\/uploads\/2023\/11\/borsa-istanbul-11.png\" alt=\"borsa-istanbul-11\" \/><\/figure><\/div><div class=\"swiper-slide\" role=\"group\" aria-roledescription=\"slide\" aria-label=\"4 of 5\"><figure class=\"swiper-slide-inner\"><img decoding=\"async\" class=\"swiper-slide-image\" src=\"https:\/\/www.demasaltin.com\/wp-content\/uploads\/2023\/12\/tim-300x100.png\" alt=\"tim\" \/><\/figure><\/div><div class=\"swiper-slide\" role=\"group\" aria-roledescription=\"slide\" aria-label=\"5 of 5\"><figure class=\"swiper-slide-inner\"><img decoding=\"async\" class=\"swiper-slide-image\" src=\"https:\/\/www.demasaltin.com\/wp-content\/uploads\/2023\/12\/Turkish-Jewellery-300x115.png\" alt=\"Turkish Jewellery\" \/><\/figure><\/div>\t\t\t<\/div>\n\t\t\t\t\t\t\t\t\t\t\t\t<div class=\"elementor-swiper-button elementor-swiper-button-prev\" role=\"button\" tabindex=\"0\">\n\t\t\t\t\t\t<svg aria-hidden=\"true\" class=\"e-font-icon-svg e-eicon-chevron-left\" viewbox=\"0 0 1000 1000\" xmlns=\"http:\/\/www.w3.org\/2000\/svg\"><path d=\"M646 125C629 125 613 133 604 142L308 442C296 454 292 471 292 487 292 504 296 521 308 533L604 854C617 867 629 875 646 875 663 875 679 871 692 858 704 846 713 829 713 812 713 796 708 779 692 767L438 487 692 225C700 217 708 204 708 187 708 171 704 154 692 142 675 129 663 125 646 125Z\"><\/path><\/svg>\t\t\t\t\t<\/div>\n\t\t\t\t\t<div class=\"elementor-swiper-button elementor-swiper-button-next\" role=\"button\" tabindex=\"0\">\n\t\t\t\t\t\t<svg aria-hidden=\"true\" class=\"e-font-icon-svg e-eicon-chevron-right\" viewbox=\"0 0 1000 1000\" xmlns=\"http:\/\/www.w3.org\/2000\/svg\"><path d=\"M696 533C708 521 713 504 713 487 713 471 708 454 696 446L400 146C388 133 375 125 354 125 338 125 325 129 313 142 300 154 292 171 292 187 292 204 296 221 308 233L563 492 304 771C292 783 288 800 288 817 288 833 296 850 308 863 321 871 338 875 354 875 371 875 388 867 400 854L696 533Z\"><\/path><\/svg>\t\t\t\t\t<\/div>\n\t\t\t\t\n\t\t\t\t\t\t\t\t\t<div class=\"swiper-pagination\"><\/div>\n\t\t\t\t\t\t\t\t\t<\/div>\n\t\t\t\t<\/div>\n\t\t\t\t<\/div>\n\t\t\t\t<\/div>\n\t\t\t\t<\/div>","protected":false},"excerpt":{"rendered":"<p>Ba\u015fkan\u0131n Mesaj\u0131 Menu Hakk\u0131m\u0131zda Ba\u015fkan\u0131n Mesaj\u0131 \u0130nsan Kaynaklar\u0131 Misyon,Vizyon ve De\u011ferler Tarih\u00e7e Bas\u0131nda Biz K\u0131ymetli \u0130\u015f Orta\u011f\u0131m\u0131z ve Sevgili \u00c7al\u0131\u015fma Arkada\u015flar\u0131m\u0131z, DEMA\u015e A.\u015e. olarak, K\u0131ymetli Madenler pazar\u0131nda geni\u015f bir alanda faaliyetlerimize devam etmekteyiz. Uluslararas\u0131 pazarda bilinen ve g\u00fcvenilen bir K\u0131ymetli Maden Tedarik\u00e7isi, geni\u015f bir \u00fcr\u00fcn yelpazesi olan bir \u00fcretici, d\u00fcnya pazar\u0131na bu \u00fcr\u00fcnleri eri\u015ftiren bir [&hellip;]<\/p>","protected":false},"author":1,"featured_media":0,"parent":0,"menu_order":0,"comment_status":"closed","ping_status":"closed","template":"","meta":{"_eb_attr":"","om_disable_all_campaigns":false,"footnotes":""},"class_list":["post-5391","page","type-page","status-publish","hentry"],"aioseo_notices":[],"_links":{"self":[{"href":"https:\/\/www.demasaltin.com\/en\/wp-json\/wp\/v2\/pages\/5391","targetHints":{"allow":["GET"]}}],"collection":[{"href":"https:\/\/www.demasaltin.com\/en\/wp-json\/wp\/v2\/pages"}],"about":[{"href":"https:\/\/www.demasaltin.com\/en\/wp-json\/wp\/v2\/types\/page"}],"author":[{"embeddable":true,"href":"https:\/\/www.demasaltin.com\/en\/wp-json\/wp\/v2\/users\/1"}],"replies":[{"embeddable":true,"href":"https:\/\/www.demasaltin.com\/en\/wp-json\/wp\/v2\/comments?post=5391"}],"version-history":[{"count":37,"href":"https:\/\/www.demasaltin.com\/en\/wp-json\/wp\/v2\/pages\/5391\/revisions"}],"predecessor-version":[{"id":6483,"href":"https:\/\/www.demasaltin.com\/en\/wp-json\/wp\/v2\/pages\/5391\/revisions\/6483"}],"wp:attachment":[{"href":"https:\/\/www.demasaltin.com\/en\/wp-json\/wp\/v2\/media?parent=5391"}],"curies":[{"name":"wp","href":"https:\/\/api.w.org\/{rel}","templated":true}]}}