{"id":3505,"date":"2023-12-19T19:19:49","date_gmt":"2023-12-19T19:19:49","guid":{"rendered":"https:\/\/www.demasaltin.com\/?page_id=3505"},"modified":"2024-10-15T15:13:11","modified_gmt":"2024-10-15T15:13:11","slug":"surdurebilirlik","status":"publish","type":"page","link":"https:\/\/www.demasaltin.com\/en\/surdurebilirlik\/","title":{"rendered":"S\u00fcrd\u00fcrebilirlik"},"content":{"rendered":"<div data-elementor-type=\"wp-page\" data-elementor-id=\"3505\" class=\"elementor elementor-3505\" data-elementor-post-type=\"page\">\n\t\t\t\t<div class=\"elementor-element elementor-element-75a54355 e-flex e-con-boxed e-con e-parent\" data-id=\"75a54355\" data-element_type=\"container\" data-settings=\"{&quot;background_background&quot;:&quot;classic&quot;,&quot;content_width&quot;:&quot;boxed&quot;}\" data-core-v316-plus=\"true\">\n\t\t\t\t\t<div class=\"e-con-inner\">\n\t\t\t\t<div class=\"elementor-element elementor-element-4ae85073 animated-slow elementor-invisible elementor-widget elementor-widget-heading\" data-id=\"4ae85073\" data-element_type=\"widget\" data-settings=\"{&quot;_animation&quot;:&quot;fadeInLeft&quot;}\" data-widget_type=\"heading.default\">\n\t\t\t\t<div class=\"elementor-widget-container\">\n\t\t\t<style>\/*! elementor - v3.19.0 - 07-02-2024 *\/\n.elementor-heading-title{padding:0;margin:0;line-height:1}.elementor-widget-heading .elementor-heading-title[class*=elementor-size-]>a{color:inherit;font-size:inherit;line-height:inherit}.elementor-widget-heading .elementor-heading-title.elementor-size-small{font-size:15px}.elementor-widget-heading .elementor-heading-title.elementor-size-medium{font-size:19px}.elementor-widget-heading .elementor-heading-title.elementor-size-large{font-size:29px}.elementor-widget-heading .elementor-heading-title.elementor-size-xl{font-size:39px}.elementor-widget-heading .elementor-heading-title.elementor-size-xxl{font-size:59px}<\/style><h2 class=\"elementor-heading-title elementor-size-large\">Sustainability<\/h2>\t\t<\/div>\n\t\t\t\t<\/div>\n\t\t\t\t\t<\/div>\n\t\t\t\t<\/div>\n\t\t<div class=\"elementor-element elementor-element-a18c25e e-flex e-con-boxed e-con e-parent\" data-id=\"a18c25e\" data-element_type=\"container\" data-settings=\"{&quot;background_background&quot;:&quot;classic&quot;,&quot;content_width&quot;:&quot;boxed&quot;}\" data-core-v316-plus=\"true\">\n\t\t\t\t\t<div class=\"e-con-inner\">\n\t\t\t\t<div class=\"elementor-element elementor-element-a458376 elementor-widget elementor-widget-heading\" data-id=\"a458376\" data-element_type=\"widget\" data-widget_type=\"heading.default\">\n\t\t\t\t<div class=\"elementor-widget-container\">\n\t\t\t<h2 class=\"elementor-heading-title elementor-size-default\">DEMA\u015e A.\u015e. SUSTAINABILITY STRATEGY<\/h2>\t\t<\/div>\n\t\t\t\t<\/div>\n\t\t\t\t<div class=\"elementor-element elementor-element-f778b67 elementor-widget elementor-widget-text-editor\" data-id=\"f778b67\" data-element_type=\"widget\" data-widget_type=\"text-editor.default\">\n\t\t\t\t<div class=\"elementor-widget-container\">\n\t\t\t<style>\/*! elementor - v3.19.0 - 07-02-2024 *\/\n.elementor-widget-text-editor.elementor-drop-cap-view-stacked .elementor-drop-cap{background-color:#69727d;color:#fff}.elementor-widget-text-editor.elementor-drop-cap-view-framed .elementor-drop-cap{color:#69727d;border:3px solid;background-color:transparent}.elementor-widget-text-editor:not(.elementor-drop-cap-view-default) .elementor-drop-cap{margin-top:8px}.elementor-widget-text-editor:not(.elementor-drop-cap-view-default) .elementor-drop-cap-letter{width:1em;height:1em}.elementor-widget-text-editor .elementor-drop-cap{float:left;text-align:center;line-height:1;font-size:50px}.elementor-widget-text-editor .elementor-drop-cap-letter{display:inline-block}<\/style>\t\t\t\t<p>DEMA\u015e A.\u015e. considers sustainability as a management strategy while aiming for steady growth, incorporating this perspective into all its processes, planning, and revisions.<\/p><p>In DEMA\u015e, sustainability and a forward-looking approach are crucial for the effective continuity of activities. Within this scope, numerous aspects such as resource utilization, emissions, waste management, and ethical values are prerequisites for their strategies and planning in developing their products and services.<br \/>Our sustainability policy is built upon productivity, sustainable growth, safeguarding our brand reputation, effective risk management, effective communication with internal and external stakeholders, offering development opportunities to employees, ensuring fair wages and ethical work concepts, motivating the workforce, and focusing on social responsibility projects.<\/p><p>DEMA\u015e A.\u015e. conducts all its processes transparently and in a manner that can be shared with all internal and external stakeholders.<\/p><p>\u2022\tIt places utmost importance on the environment. Waste is segregated and disposed of in accordance with a zero-waste goal through its waste management program.<\/p><p>\u2022\tIt supports projects, particularly those of university students, within the framework of its social responsibility program.<\/p><p>\u2022\u0130\u015f sa\u011fl\u0131\u011f\u0131 ve g\u00fcvenli\u011fi ile ilgili t\u00fcm y\u00fck\u00fcml\u00fcl\u00fckler eksiksiz bir \u015fekilde tamamlar,<\/p><p>\u2022T\u00fcm \u00e7al\u0131\u015fanlar\u0131na mesleki ve sekt\u00f6rel e\u011fitimler y\u0131ll\u0131k e\u011fitim program\u0131 hedeflenen \u00e7al\u0131\u015fan ba\u015f\u0131 y\u0131ll\u0131k e\u011fitim saati \u00e7er\u00e7evesinde verir,<\/p><p>It participates in meetings, seminars, and joint educational programs in the field of sustainability.<\/p><p>\u2022\tIt contributes to the development of sustainability policies for all stakeholders and suppliers.<\/p><p>\u2022S\u00fcrd\u00fcr\u00fclebilirlik konusundaki gerek yerel gerekse uluslararas\u0131 t\u00fcm geli\u015fmeleri hassas bir \u015fekilde takip eder.<\/p>\t\t\t\t\t\t<\/div>\n\t\t\t\t<\/div>\n\t\t\t\t\t<\/div>\n\t\t\t\t<\/div>\n\t\t<div class=\"elementor-element elementor-element-21a2909a e-con-full e-flex e-con e-parent\" data-id=\"21a2909a\" data-element_type=\"container\" data-settings=\"{&quot;content_width&quot;:&quot;full&quot;}\" data-core-v316-plus=\"true\">\n\t\t\t\t<div class=\"elementor-element elementor-element-23186cc elementor-widget__width-initial elementor-arrows-position-inside elementor-pagination-position-outside elementor-widget elementor-widget-image-carousel\" data-id=\"23186cc\" data-element_type=\"widget\" data-settings=\"{&quot;navigation&quot;:&quot;both&quot;,&quot;autoplay&quot;:&quot;yes&quot;,&quot;pause_on_hover&quot;:&quot;yes&quot;,&quot;pause_on_interaction&quot;:&quot;yes&quot;,&quot;autoplay_speed&quot;:5000,&quot;infinite&quot;:&quot;yes&quot;,&quot;speed&quot;:500}\" data-widget_type=\"image-carousel.default\">\n\t\t\t\t<div class=\"elementor-widget-container\">\n\t\t\t<style>\/*! elementor - v3.19.0 - 07-02-2024 *\/\n.elementor-widget-image-carousel .swiper,.elementor-widget-image-carousel .swiper-container{position:static}.elementor-widget-image-carousel .swiper-container .swiper-slide figure,.elementor-widget-image-carousel .swiper .swiper-slide figure{line-height:inherit}.elementor-widget-image-carousel .swiper-slide{text-align:center}.elementor-image-carousel-wrapper:not(.swiper-container-initialized):not(.swiper-initialized) .swiper-slide{max-width:calc(100% \/ var(--e-image-carousel-slides-to-show, 3))}<\/style>\t\t<div class=\"elementor-image-carousel-wrapper swiper\" dir=\"ltr\">\n\t\t\t<div class=\"elementor-image-carousel swiper-wrapper\" aria-live=\"off\">\n\t\t\t\t\t\t\t\t<div class=\"swiper-slide\" role=\"group\" aria-roledescription=\"slide\" aria-label=\"1 of 5\"><figure class=\"swiper-slide-inner\"><img decoding=\"async\" class=\"swiper-slide-image\" src=\"https:\/\/www.demasaltin.com\/wp-content\/uploads\/2023\/11\/iso-11.png\" alt=\"iso-11\" \/><\/figure><\/div><div class=\"swiper-slide\" role=\"group\" aria-roledescription=\"slide\" aria-label=\"2 of 5\"><figure class=\"swiper-slide-inner\"><img decoding=\"async\" class=\"swiper-slide-image\" src=\"https:\/\/www.demasaltin.com\/wp-content\/uploads\/2023\/11\/immib-11.png\" alt=\"immib-11\" \/><\/figure><\/div><div class=\"swiper-slide\" role=\"group\" aria-roledescription=\"slide\" aria-label=\"3 of 5\"><figure class=\"swiper-slide-inner\"><img decoding=\"async\" class=\"swiper-slide-image\" src=\"https:\/\/www.demasaltin.com\/wp-content\/uploads\/2023\/11\/borsa-istanbul-11.png\" alt=\"borsa-istanbul-11\" \/><\/figure><\/div><div class=\"swiper-slide\" role=\"group\" aria-roledescription=\"slide\" aria-label=\"4 of 5\"><figure class=\"swiper-slide-inner\"><img decoding=\"async\" class=\"swiper-slide-image\" src=\"https:\/\/www.demasaltin.com\/wp-content\/uploads\/2023\/12\/tim-300x100.png\" alt=\"tim\" \/><\/figure><\/div><div class=\"swiper-slide\" role=\"group\" aria-roledescription=\"slide\" aria-label=\"5 of 5\"><figure class=\"swiper-slide-inner\"><img decoding=\"async\" class=\"swiper-slide-image\" src=\"https:\/\/www.demasaltin.com\/wp-content\/uploads\/2023\/12\/Turkish-Jewellery-300x115.png\" alt=\"Turkish Jewellery\" \/><\/figure><\/div>\t\t\t<\/div>\n\t\t\t\t\t\t\t\t\t\t\t\t<div class=\"elementor-swiper-button elementor-swiper-button-prev\" role=\"button\" tabindex=\"0\">\n\t\t\t\t\t\t<svg aria-hidden=\"true\" class=\"e-font-icon-svg e-eicon-chevron-left\" viewbox=\"0 0 1000 1000\" xmlns=\"http:\/\/www.w3.org\/2000\/svg\"><path d=\"M646 125C629 125 613 133 604 142L308 442C296 454 292 471 292 487 292 504 296 521 308 533L604 854C617 867 629 875 646 875 663 875 679 871 692 858 704 846 713 829 713 812 713 796 708 779 692 767L438 487 692 225C700 217 708 204 708 187 708 171 704 154 692 142 675 129 663 125 646 125Z\"><\/path><\/svg>\t\t\t\t\t<\/div>\n\t\t\t\t\t<div class=\"elementor-swiper-button elementor-swiper-button-next\" role=\"button\" tabindex=\"0\">\n\t\t\t\t\t\t<svg aria-hidden=\"true\" class=\"e-font-icon-svg e-eicon-chevron-right\" viewbox=\"0 0 1000 1000\" xmlns=\"http:\/\/www.w3.org\/2000\/svg\"><path d=\"M696 533C708 521 713 504 713 487 713 471 708 454 696 446L400 146C388 133 375 125 354 125 338 125 325 129 313 142 300 154 292 171 292 187 292 204 296 221 308 233L563 492 304 771C292 783 288 800 288 817 288 833 296 850 308 863 321 871 338 875 354 875 371 875 388 867 400 854L696 533Z\"><\/path><\/svg>\t\t\t\t\t<\/div>\n\t\t\t\t\n\t\t\t\t\t\t\t\t\t<div class=\"swiper-pagination\"><\/div>\n\t\t\t\t\t\t\t\t\t<\/div>\n\t\t\t\t<\/div>\n\t\t\t\t<\/div>\n\t\t\t\t<\/div>\n\t\t\t\t<\/div>","protected":false},"excerpt":{"rendered":"<p>S\u00fcrd\u00fcr\u00fclebilirlik DEMA\u015e A.\u015e. S\u00dcRD\u00dcREB\u0130L\u0130RL\u0130K STRATEJ\u0130S\u0130 DEMA\u015e A.\u015e, istikrarl\u0131 b\u00fcy\u00fcme hedefiyle birlikte, s\u00fcrd\u00fcr\u00fclebilirli\u011fi bir y\u00f6netim stratejisi olarak g\u00f6rmekte olup t\u00fcm s\u00fcre\u00e7lerine bu bak\u0131\u015f a\u00e7\u0131s\u0131 ile yakla\u015fm\u0131\u015f, planlam\u0131\u015f ve revize etmi\u015ftir. Dema\u015f\u2019ta s\u00fcrd\u00fcr\u00fclebilirlik ve gelece\u011fe d\u00f6n\u00fck bak\u0131\u015f a\u00e7\u0131s\u0131 faaliyetlerin en etkili \u015fekilde devaml\u0131l\u0131\u011f\u0131 i\u00e7in \u00e7ok \u00f6nemlidir. Bu kapsamda, strateji ve planlamalar\u0131n\u0131 \u00fcr\u00fcn ve hizmetlerini geli\u015ftirirken kaynak kullan\u0131m\u0131, [&hellip;]<\/p>","protected":false},"author":1,"featured_media":0,"parent":0,"menu_order":0,"comment_status":"closed","ping_status":"closed","template":"","meta":{"_eb_attr":"","om_disable_all_campaigns":false,"footnotes":""},"class_list":["post-3505","page","type-page","status-publish","hentry"],"aioseo_notices":[],"_links":{"self":[{"href":"https:\/\/www.demasaltin.com\/en\/wp-json\/wp\/v2\/pages\/3505","targetHints":{"allow":["GET"]}}],"collection":[{"href":"https:\/\/www.demasaltin.com\/en\/wp-json\/wp\/v2\/pages"}],"about":[{"href":"https:\/\/www.demasaltin.com\/en\/wp-json\/wp\/v2\/types\/page"}],"author":[{"embeddable":true,"href":"https:\/\/www.demasaltin.com\/en\/wp-json\/wp\/v2\/users\/1"}],"replies":[{"embeddable":true,"href":"https:\/\/www.demasaltin.com\/en\/wp-json\/wp\/v2\/comments?post=3505"}],"version-history":[{"count":76,"href":"https:\/\/www.demasaltin.com\/en\/wp-json\/wp\/v2\/pages\/3505\/revisions"}],"predecessor-version":[{"id":6011,"href":"https:\/\/www.demasaltin.com\/en\/wp-json\/wp\/v2\/pages\/3505\/revisions\/6011"}],"wp:attachment":[{"href":"https:\/\/www.demasaltin.com\/en\/wp-json\/wp\/v2\/media?parent=3505"}],"curies":[{"name":"wp","href":"https:\/\/api.w.org\/{rel}","templated":true}]}}